{"id":15734,"date":"2016-12-28T05:25:41","date_gmt":"2016-12-28T04:25:41","guid":{"rendered":"https:\/\/advokatemelyjelic.com\/contact-us\/"},"modified":"2025-07-02T17:22:34","modified_gmt":"2025-07-02T15:22:34","slug":"contact-us","status":"publish","type":"page","link":"https:\/\/advokatemelyjelic.com\/de\/contact-us\/","title":{"rendered":"Contact Us"},"content":{"rendered":"<!--themify_builder_content-->\n<div id=\"themify_builder_content-15734\" data-postid=\"15734\" class=\"themify_builder_content themify_builder_content-15734 themify_builder tf_clear\">\n                    <div  data-css_id=\"12u5980\" data-lazy=\"1\" class=\"module_row themify_builder_row fullwidth_row_container tb_12u5980 tb_first tf_w wow\" data-tf-animation=\"fadeIn\">\n            <span  class=\"builder_row_cover tf_abs\" data-lazy=\"1\"><\/span>            <div class=\"row_inner col_align_top tb_col_count_1 tf_box tf_rel\">\n                        <div  data-lazy=\"1\" class=\"module_column tb-column col-full tb_ktk7980 first\">\n                    <!-- module text -->\n<div  class=\"module module-text tb_6xz7980    wow\" data-tf-animation=\"fadeInUp\" data-lazy=\"1\">\n        <div  class=\"tb_text_wrap\">\n        <h1> Kontakt <\/h1>\n    <\/div>\n<\/div>\n<!-- \/module text -->        <\/div>\n                        <\/div>\n        <\/div>\n                        <div  data-lazy=\"1\" class=\"module_row themify_builder_row tb_vn4b980 tf_w\">\n                        <div class=\"row_inner col_align_top tb_col_count_2 tf_box tf_rel\">\n                        <div  data-lazy=\"1\" class=\"module_column tb-column col4-2 tb_pikj980 first\">\n                    <!-- module text -->\n<div  class=\"module module-text tb_emmg980    wow\" data-tf-animation=\"fadeInLeft\" data-lazy=\"1\">\n        <div  class=\"tb_text_wrap\">\n        <h3> Vor Ihrer Kontaktaufnahme <\/h3>\n<p>Kontaktieren Sie uns gerne \u00fcber das untenstehende Formular. Wir antworten Ihnen innerhalb weniger Tage. Bei dringenden Fragen rufen Sie uns bitte an!<\/p>\n    <\/div>\n<\/div>\n<!-- \/module text --><!-- module buttons -->\n<div  class=\"module module-buttons tb_izpr980 buttons-horizontal solid  xlarge wow\" data-tf-animation=\"fadeInLeft\" data-lazy=\"1\">\n        <div class=\"module-buttons-item tf_in_flx\">\n                        <a href=\"#contact-form\" class=\"ui builder_button tf_in_flx blue\" >\n                                                Email Us                                        <\/a>\n                <\/div>\n                    <div class=\"module-buttons-item tf_in_flx\">\n                        <a href=\"tel:+34666043491\" class=\"ui builder_button tf_in_flx blue\" >\n                                                RUFEN SIE UNS AN                                        <\/a>\n                <\/div>\n            <\/div>\n<!-- \/module buttons -->\n        <\/div>\n                    <div  data-lazy=\"1\" class=\"module_column tb-column col4-2 tb_8alj980 last\">\n                    <!-- module text -->\n<div  class=\"module module-text tb_afz9980    wow\" data-tf-animation=\"fadeInRight\" data-lazy=\"1\">\n        <div  class=\"tb_text_wrap\">\n        <h3> Unsere Kontaktdaten <\/h3>\n    <\/div>\n<\/div>\n<!-- \/module text --><!-- module icon -->\n<div  class=\"module module-icon tb_ozjx980 contact-info small none icon_vertical  wow\" data-tf-animation=\"fadeInRight\" data-lazy=\"1\">\n\t\t\t<div class=\"module-icon-item\">\n\t\t\t\t\t\t\t<a href=\"https:\/\/www.google.com\/maps\/place\/Gestoempresa\/@36.4838899,-4.9906854,19z\/data=!4m14!1m7!3m6!1s0xd732a163af9ce57:0x752767c74de85bdb!2sGestoempresa!8m2!3d36.4842199!4d-4.9903501!16s%2Fg%2F11f3sdvk15!3m5!1s0xd732a163af9ce57:0x752767c74de85bdb!8m2!3d36.4842199!4d-4.9903501!16s%2Fg%2F11f3sdvk15\" rel=\"noopener\" target=\"_blank\">\n\t\t\t\t\t\t\t\t\t\t\t\t\t\t\t\t\t<em class=\"tf_box\"\n\t\t\t\t\t\t\t\t\t\t\t\t\t\t\t\t\t><svg  class=\"tf_fa tf-ti-home\" aria-hidden=\"true\"><use href=\"#tf-ti-home\"><\/use><\/svg><\/em>\n\t\t\t\t\t\t\t\t\t\t\t\t\t\t\t\t\t\t\t<span>\u00a0Av Picos de Europa 8, Urb Monte Biarritz, 29680 Estepona<\/span>\n\t\t\t\t\t\t\t\t\t\t\t\t\t\t\t\t\t<\/a>\n\t\t\t\t\t<\/div>\n\t\t\t<div class=\"module-icon-item\">\n\t\t\t\t\t\t\t<a href=\"mailto:emely@advokatemelyjelic.com\">\n\t\t\t\t\t\t\t\t\t\t\t\t\t\t\t\t\t<em class=\"tf_box\"\n\t\t\t\t\t\t\t\t\t\t\t\t\t\t\t\t\t><svg  class=\"tf_fa tf-ti-email\" aria-hidden=\"true\"><use href=\"#tf-ti-email\"><\/use><\/svg><\/em>\n\t\t\t\t\t\t\t\t\t\t\t\t\t\t\t\t\t\t\t<span>emely@advokatemelyjelic.com<\/span>\n\t\t\t\t\t\t\t\t\t\t\t\t\t\t\t\t\t<\/a>\n\t\t\t\t\t<\/div>\n\t\t\t<div class=\"module-icon-item\">\n\t\t\t\t\t\t\t<a href=\"tel:+34666043491\">\n\t\t\t\t\t\t\t\t\t\t\t\t\t\t\t\t\t<em class=\"tf_box\"\n\t\t\t\t\t\t\t\t\t\t\t\t\t\t\t\t\t><svg  class=\"tf_fa tf-fas-phone\" aria-hidden=\"true\"><use href=\"#tf-fas-phone\"><\/use><\/svg><\/em>\n\t\t\t\t\t\t\t\t\t\t\t\t\t\t\t\t\t\t\t<span>+34 666 04 34 91<\/span>\n\t\t\t\t\t\t\t\t\t\t\t\t\t\t\t\t\t<\/a>\n\t\t\t\t\t<\/div>\n\t\t\t<div class=\"module-icon-item\">\n\t\t\t\t\t\t\t\t\t\t\t\t\t\t\t\t<em class=\"tf_box\"\n\t\t\t\t\t\t\t\t\t\t\t\t\t\t\t\t\t><svg  class=\"tf_fa tf-ti-time\" aria-hidden=\"true\"><use href=\"#tf-ti-time\"><\/use><\/svg><\/em>\n\t\t\t\t\t\t\t\t\t\t\t\t\t\t\t\t\t\t\t<span>Werktags 09:00 - 19:00 Uhr<\/span>\n\t\t\t\t\t\t\t\t\t\t\t\t\t\t\t<\/div>\n\t<\/div>\n<!-- \/module icon -->\n        <\/div>\n                        <\/div>\n        <\/div>\n                        <div  data-css_id=\"6hy3980\" data-lazy=\"1\" class=\"module_row themify_builder_row fullwidth tb_6hy3980 tf_w\">\n                        <div class=\"row_inner col_align_top tb_col_count_1 tf_box tf_rel\">\n                        <div  data-lazy=\"1\" class=\"module_column tb-column col-full tb_jrjx980 first\">\n                    <!-- module template_part -->\n<div  class=\"module module-layout-part tb_jr7j980 \">\n    <div class=\"tb_layout_part_wrap tf_w\"><!--themify_builder_content-->\n    <div  class=\"themify_builder_content themify_builder_content-15745 themify_builder not_editable_builder in_the_loop\" data-postid=\"15745\">\n                        <div  data-anchor=\"contact-form\" data-lazy=\"1\" class=\"module_row themify_builder_row tb_has_section tb_section-contact-form tb_vqzo900 tf_w\">\n            <span  class=\"builder_row_cover tf_abs\" data-lazy=\"1\"><\/span>            <div class=\"row_inner col_align_top tb_col_count_1 tf_box tf_rel\">\n                        <div  data-lazy=\"1\" class=\"module_column tb-column col-full tb_xtl8933 first\">\n                            <div  data-lazy=\"1\" class=\"module_subrow themify_builder_sub_row tf_w col_align_top tb_col_count_3 tb_qmhj007\">\n                <div  data-lazy=\"1\" class=\"module_column sub_column col4-1 tb_jovz000 first\">\n                            <\/div>\n                    <div  data-lazy=\"1\" class=\"module_column sub_column col4-2 tb_5gs3001 contact-form\">\n                    <!-- module text -->\n<div  class=\"module module-text tb_ap7v000    wow\" data-tf-animation=\"fadeInUp\" data-lazy=\"1\">\n        <div  class=\"tb_text_wrap\">\n        <h2> Kontakt <\/h2>\n<p>Kontaktieren Sie uns noch heute f\u00fcr eine kostenlose Beratung.<\/p>\n    <\/div>\n<\/div>\n<!-- \/module text --><!-- module contact -->\n<div  id=\"tb_d5yo005\" class=\"module module-contact tb_d5yo005 contact-animated-label  wow\" data-tf-animation=\"fadeInUp\" data-lazy=\"1\">\n    \n\t<form class=\"builder-contact\"\n\t\tid=\"tb_d5yo005-form\"\n\t\tmethod=\"post\"\n\t\tdata-post-id=\"15745\"\n\t\tdata-element-id=\"d5yo005\"\n\t\tdata-orig-id=\"15734\"\n\t>\n    <div class=\"contact-message\"><\/div>\n\t<div class=\"builder-contact-fields tf_rel\">\n\t\t    \t\t    <div class=\"builder-contact-field builder-contact-field-name builder-contact-text-field\">\n\t\t\t    <label class=\"control-label\" for=\"tb_d5yo005-contact-name\">\n\t\t\t\t\t\t\t\t\t\t<span class=\"tb-label-span\">Name <\/span><span class=\"required\">*<\/span>\t\t\t\t<\/label>\n\t\t\t    <div class=\"control-input tf_rel\">\n\t\t\t\t    \t\t\t\t\t    <input type=\"text\" name=\"contact-name\" placeholder=\" \" id=\"tb_d5yo005-contact-name\" value=\"\" class=\"form-control\" required>\n\t\t\t\t    \t\t\t\t    \t\t\t\t\t    <span class=\"tb_contact_label\">\n\t\t\t\t\t\t    <span class=\"tb-label-span\">Name <\/span><span class=\"required\">*<\/span>\t\t\t\t\t    <\/span>\n\t\t\t\t    \t\t\t    <\/div>\n\t\t<\/div>\n\t    \n\t\t    \t\t    <div class=\"builder-contact-field builder-contact-field-email builder-contact-text-field\">\n\t\t\t    <label class=\"control-label\" for=\"tb_d5yo005-contact-email\">\n\t\t\t\t\t\t\t\t\t\t<span class=\"tb-label-span\">E-mail <\/span><span class=\"required\">*<\/span>\t\t\t\t<\/label>\n\t\t\t    <div class=\"control-input tf_rel\">\n\t\t\t\t    \t\t\t\t\t    <input type=\"email\" name=\"contact-email\" placeholder=\" \" id=\"tb_d5yo005-contact-email\" value=\"\" class=\"form-control\" required>\n\t\t\t\t    \t\t\t\t    \t\t\t\t\t    <span class=\"tb_contact_label\">\n\t\t\t\t\t\t    <span class=\"tb-label-span\">E-mail <\/span><span class=\"required\">*<\/span>\t\t\t\t\t    <\/span>\n\t\t\t\t    \t\t\t    <\/div>\n\t\t<\/div>\n\t    \n\t\t    \t\t    \t\t    <div class=\"builder-contact-field builder-contact-field-extra builder-contact-text-field builder-contact-tel-field\">\n\t\t\t\t\n\t\t\t\t<label class=\"control-label\" for=\"field_extra_tb_d5yo005_0\">\n\t\t\t\t\t\n\t\t\t\t\tTelefonnummer\t\t\t\t\t\t\t\t\t\t\t<input type=\"hidden\" name=\"field_extra_name_0\" value=\"Telefonnummer\">\n\t\t\t\t\t\t\t\t\t<\/label>\n\t\t\t\t<div class=\"control-input tf_rel\">\n\t\t\t\t\t\t\t\t\t\t\t<input type=\"tel\" name=\"field_extra_0\" id=\"field_extra_tb_d5yo005_0\" placeholder=\" \" class=\"form-control\">\n\t\t\t\t\t\n\t\t\t\t\t\t\t\t\t\t\t<span class=\"tb_contact_label\">\n\t\t\t\t\t\t\tTelefonnummer\t\t\t\t\t\t<\/span>\n\t\t\t\t\t\t\t\t\t<\/div>\n\t\t    <\/div>\n\t    \n\t\t    \t\t    <div class=\"builder-contact-field builder-contact-field-message builder-contact-textarea-field\">\n\t\t\t    <label class=\"control-label\" for=\"tb_d5yo005-contact-message\">\n\t\t\t\t\t\t\t\t\t\t<span class=\"tb-label-span\">Wie k\u00f6nnen wir Ihnen helfen? <\/span>\t\t\t\t<\/label>\n\t\t\t    <div class=\"control-input tf_rel\">\n\t\t\t\t    \t\t\t\t\t    <textarea name=\"contact-message\" placeholder=\" \" id=\"tb_d5yo005-contact-message\" class=\"form-control\"><\/textarea>\n\t\t\t\t    \t\t\t\t    \t\t\t\t\t    <span class=\"tb_contact_label\">\n\t\t\t\t\t\t    <span class=\"tb-label-span\">Wie k\u00f6nnen wir Ihnen helfen? <\/span>\t\t\t\t\t    <\/span>\n\t\t\t\t    \t\t\t    <\/div>\n\t\t<\/div>\n\t    \n\t\t    \t\t<div class=\"builder-contact-field builder-contact-field-sendcopy\">\n\t\t    <div class=\"control-label\">\n\t\t\t\t<div class=\"control-input tf_rel\">\n\t\t\t\t\t<label class=\"send-copy\">\n\t\t\t\t\t\t<input type=\"checkbox\" name=\"contact-sendcopy\" id=\"tb_d5yo005-sendcopy\" value=\"1\">\n\t\t\t\t\t\t<span>Senden Sie sich selbst ein Exemplar<\/span>\n\t\t\t\t\t<\/label>\n\t\t\t\t<\/div>\n\t\t    <\/div>\n\t\t<\/div>\n\t    \t\t\n\t\t\t\t\t<div class=\"builder-contact-field builder-contact-field-gdpr\">\n\t\t\t\t<div class=\"control-label\">\n\t\t\t\t\t<div class=\"control-input tf_rel\">\n\t\t\t\t\t\t<label class=\"field-gdpr\">\n\t\t\t\t\t\t\t<input type=\"checkbox\" name=\"gdpr\" value=\"1\" required>\n\t\t\t\t\t\t\t<span>Um die Einhaltung der DSGVO zu gew\u00e4hrleisten, kreuzen Sie bitte das K\u00e4stchen unten an, um zu best\u00e4tigen, dass Sie unsere Datenschutzrichtlinie gelesen haben und ihr zustimmen. *<\/span>\n\t\t\t\t\t\t\t<span class=\"required\">*<\/span>\n\t\t\t\t\t\t<\/label>\n\t\t\t\t\t<\/div>\n\t\t\t\t<\/div>\n\t\t\t<\/div>\n\t\t\n\t    \n\t    <div class=\"builder-contact-field builder-contact-field-send control-input tf_textl tf_clear tf_rel\">\n\t\t\t<button type=\"submit\" class=\"btn btn-primary\">\n\t\t\t\t<span class=\"tf_loader\"><\/span>\t\t\t\t<span class=\"tf_submit_icon\"><\/span> \n\t\t\t\tSenden\t\t\t<\/button>\n\t    <\/div>\n\t<\/div>\n    <\/form>\n    <\/div>\n<!-- \/module contact -->\n        <\/div>\n                    <div  data-lazy=\"1\" class=\"module_column sub_column col4-1 tb_ljmn553 last\">\n                            <\/div>\n                    <\/div>\n                <\/div>\n                        <\/div>\n        <\/div>\n            <\/div>\n<!--\/themify_builder_content--><\/div>\n<\/div>\n<!-- \/module template_part -->        <\/div>\n                        <\/div>\n        <\/div>\n        <\/div>\n<!--\/themify_builder_content-->","protected":false},"excerpt":{"rendered":"<p>Kontakt Vor Ihrer Kontaktaufnahme Kontaktieren Sie uns gerne \u00fcber das untenstehende Formular. Wir antworten Ihnen innerhalb weniger Tage. Bei dringenden Fragen rufen Sie uns bitte an! Email Us RUFEN SIE UNS AN Unsere Kontaktdaten \u00a0Av Picos de Europa 8, Urb Monte Biarritz, 29680 Estepona emely@advokatemelyjelic.com +34 666 04 34 91 Werktags 09:00 &#8211; 19:00 Uhr<\/p>\n","protected":false},"author":1,"featured_media":0,"parent":0,"menu_order":0,"comment_status":"closed","ping_status":"closed","template":"","meta":{"footnotes":""},"class_list":["post-15734","page","type-page","status-publish","hentry","has-post-title","has-post-date","has-post-category","has-post-tag","has-post-comment","has-post-author",""],"yoast_head":"<!-- This site is optimized with the Yoast SEO plugin v26.4 - https:\/\/yoast.com\/wordpress\/plugins\/seo\/ -->\n<title>Contact Us &#8226; Advokatfirman Emely Jelic<\/title>\n<meta name=\"description\" content=\"Looking to buy property in Marbella or Costa del Sol? Get expert consultation for real estate in Spain\u2014contact us today!\" \/>\n<meta name=\"robots\" content=\"index, follow, max-snippet:-1, max-image-preview:large, max-video-preview:-1\" \/>\n<link rel=\"canonical\" href=\"https:\/\/advokatemelyjelic.com\/de\/contact-us\/\" \/>\n<meta property=\"og:locale\" content=\"de_DE\" \/>\n<meta property=\"og:type\" content=\"article\" \/>\n<meta property=\"og:title\" content=\"Contact Us &#8226; Advokatfirman Emely Jelic\" \/>\n<meta property=\"og:description\" content=\"Looking to buy property in Marbella or Costa del Sol? Get expert consultation for real estate in Spain\u2014contact us today!\" \/>\n<meta property=\"og:url\" content=\"https:\/\/advokatemelyjelic.com\/de\/contact-us\/\" \/>\n<meta property=\"og:site_name\" content=\"Advokatfirman Emely Jelic\" \/>\n<meta property=\"article:publisher\" content=\"https:\/\/www.facebook.com\/AdvokatEmelyJelic\" \/>\n<meta property=\"article:modified_time\" content=\"2025-07-02T15:22:34+00:00\" \/>\n<meta property=\"og:image\" content=\"https:\/\/advokatemelyjelic.com\/wp-content\/uploads\/2023\/04\/Perfil-fb.jpg\" \/>\n\t<meta property=\"og:image:width\" content=\"820\" \/>\n\t<meta property=\"og:image:height\" content=\"398\" \/>\n\t<meta property=\"og:image:type\" content=\"image\/jpeg\" \/>\n<meta name=\"twitter:card\" content=\"summary_large_image\" \/>\n<meta name=\"twitter:label1\" content=\"Gesch\u00e4tzte Lesezeit\" \/>\n\t<meta name=\"twitter:data1\" content=\"1\u00a0Minute\" \/>\n<script type=\"application\/ld+json\" class=\"yoast-schema-graph\">{\"@context\":\"https:\/\/schema.org\",\"@graph\":[{\"@type\":\"WebPage\",\"@id\":\"https:\/\/advokatemelyjelic.com\/de\/contact-us\/\",\"url\":\"https:\/\/advokatemelyjelic.com\/de\/contact-us\/\",\"name\":\"Contact Us &#8226; Advokatfirman Emely Jelic\",\"isPartOf\":{\"@id\":\"https:\/\/advokatemelyjelic.com\/de\/#website\"},\"datePublished\":\"2016-12-28T04:25:41+00:00\",\"dateModified\":\"2025-07-02T15:22:34+00:00\",\"description\":\"Looking to buy property in Marbella or Costa del Sol? Get expert consultation for real estate in Spain\u2014contact us today!\",\"breadcrumb\":{\"@id\":\"https:\/\/advokatemelyjelic.com\/de\/contact-us\/#breadcrumb\"},\"inLanguage\":\"de\",\"potentialAction\":[{\"@type\":\"ReadAction\",\"target\":[\"https:\/\/advokatemelyjelic.com\/de\/contact-us\/\"]}]},{\"@type\":\"BreadcrumbList\",\"@id\":\"https:\/\/advokatemelyjelic.com\/de\/contact-us\/#breadcrumb\",\"itemListElement\":[{\"@type\":\"ListItem\",\"position\":1,\"name\":\"Home\",\"item\":\"https:\/\/advokatemelyjelic.com\/de\/\"},{\"@type\":\"ListItem\",\"position\":2,\"name\":\"Contact Us\"}]},{\"@type\":\"WebSite\",\"@id\":\"https:\/\/advokatemelyjelic.com\/de\/#website\",\"url\":\"https:\/\/advokatemelyjelic.com\/de\/\",\"name\":\"Advokatfirman Emely Jelic\",\"description\":\"\",\"publisher\":{\"@id\":\"https:\/\/advokatemelyjelic.com\/de\/#organization\"},\"alternateName\":\"Advokat Emely Jelic\",\"potentialAction\":[{\"@type\":\"SearchAction\",\"target\":{\"@type\":\"EntryPoint\",\"urlTemplate\":\"https:\/\/advokatemelyjelic.com\/de\/?s={search_term_string}\"},\"query-input\":{\"@type\":\"PropertyValueSpecification\",\"valueRequired\":true,\"valueName\":\"search_term_string\"}}],\"inLanguage\":\"de\"},{\"@type\":\"Organization\",\"@id\":\"https:\/\/advokatemelyjelic.com\/de\/#organization\",\"name\":\"Advokatfirman Emely Jelic\",\"alternateName\":\"Advokat Emely Jelic\",\"url\":\"https:\/\/advokatemelyjelic.com\/de\/\",\"logo\":{\"@type\":\"ImageObject\",\"inLanguage\":\"de\",\"@id\":\"https:\/\/advokatemelyjelic.com\/de\/#\/schema\/logo\/image\/\",\"url\":\"https:\/\/advokatemelyjelic.com\/wp-content\/uploads\/2023\/04\/Logga-Advokatfirman-Emely-Jelic.png\",\"contentUrl\":\"https:\/\/advokatemelyjelic.com\/wp-content\/uploads\/2023\/04\/Logga-Advokatfirman-Emely-Jelic.png\",\"width\":468,\"height\":87,\"caption\":\"Advokatfirman Emely Jelic\"},\"image\":{\"@id\":\"https:\/\/advokatemelyjelic.com\/de\/#\/schema\/logo\/image\/\"},\"sameAs\":[\"https:\/\/www.facebook.com\/AdvokatEmelyJelic\",\"https:\/\/www.instagram.com\/emely_jelic\/\"]}]}<\/script>\n<!-- \/ Yoast SEO plugin. -->","yoast_head_json":{"title":"Contact Us &#8226; Advokatfirman Emely Jelic","description":"Looking to buy property in Marbella or Costa del Sol? Get expert consultation for real estate in Spain\u2014contact us today!","robots":{"index":"index","follow":"follow","max-snippet":"max-snippet:-1","max-image-preview":"max-image-preview:large","max-video-preview":"max-video-preview:-1"},"canonical":"https:\/\/advokatemelyjelic.com\/de\/contact-us\/","og_locale":"de_DE","og_type":"article","og_title":"Contact Us &#8226; Advokatfirman Emely Jelic","og_description":"Looking to buy property in Marbella or Costa del Sol? Get expert consultation for real estate in Spain\u2014contact us today!","og_url":"https:\/\/advokatemelyjelic.com\/de\/contact-us\/","og_site_name":"Advokatfirman Emely Jelic","article_publisher":"https:\/\/www.facebook.com\/AdvokatEmelyJelic","article_modified_time":"2025-07-02T15:22:34+00:00","og_image":[{"width":820,"height":398,"url":"https:\/\/advokatemelyjelic.com\/wp-content\/uploads\/2023\/04\/Perfil-fb.jpg","type":"image\/jpeg"}],"twitter_card":"summary_large_image","twitter_misc":{"Gesch\u00e4tzte Lesezeit":"1\u00a0Minute"},"schema":{"@context":"https:\/\/schema.org","@graph":[{"@type":"WebPage","@id":"https:\/\/advokatemelyjelic.com\/de\/contact-us\/","url":"https:\/\/advokatemelyjelic.com\/de\/contact-us\/","name":"Contact Us &#8226; Advokatfirman Emely Jelic","isPartOf":{"@id":"https:\/\/advokatemelyjelic.com\/de\/#website"},"datePublished":"2016-12-28T04:25:41+00:00","dateModified":"2025-07-02T15:22:34+00:00","description":"Looking to buy property in Marbella or Costa del Sol? Get expert consultation for real estate in Spain\u2014contact us today!","breadcrumb":{"@id":"https:\/\/advokatemelyjelic.com\/de\/contact-us\/#breadcrumb"},"inLanguage":"de","potentialAction":[{"@type":"ReadAction","target":["https:\/\/advokatemelyjelic.com\/de\/contact-us\/"]}]},{"@type":"BreadcrumbList","@id":"https:\/\/advokatemelyjelic.com\/de\/contact-us\/#breadcrumb","itemListElement":[{"@type":"ListItem","position":1,"name":"Home","item":"https:\/\/advokatemelyjelic.com\/de\/"},{"@type":"ListItem","position":2,"name":"Contact Us"}]},{"@type":"WebSite","@id":"https:\/\/advokatemelyjelic.com\/de\/#website","url":"https:\/\/advokatemelyjelic.com\/de\/","name":"Advokatfirman Emely Jelic","description":"","publisher":{"@id":"https:\/\/advokatemelyjelic.com\/de\/#organization"},"alternateName":"Advokat Emely Jelic","potentialAction":[{"@type":"SearchAction","target":{"@type":"EntryPoint","urlTemplate":"https:\/\/advokatemelyjelic.com\/de\/?s={search_term_string}"},"query-input":{"@type":"PropertyValueSpecification","valueRequired":true,"valueName":"search_term_string"}}],"inLanguage":"de"},{"@type":"Organization","@id":"https:\/\/advokatemelyjelic.com\/de\/#organization","name":"Advokatfirman Emely Jelic","alternateName":"Advokat Emely Jelic","url":"https:\/\/advokatemelyjelic.com\/de\/","logo":{"@type":"ImageObject","inLanguage":"de","@id":"https:\/\/advokatemelyjelic.com\/de\/#\/schema\/logo\/image\/","url":"https:\/\/advokatemelyjelic.com\/wp-content\/uploads\/2023\/04\/Logga-Advokatfirman-Emely-Jelic.png","contentUrl":"https:\/\/advokatemelyjelic.com\/wp-content\/uploads\/2023\/04\/Logga-Advokatfirman-Emely-Jelic.png","width":468,"height":87,"caption":"Advokatfirman Emely Jelic"},"image":{"@id":"https:\/\/advokatemelyjelic.com\/de\/#\/schema\/logo\/image\/"},"sameAs":["https:\/\/www.facebook.com\/AdvokatEmelyJelic","https:\/\/www.instagram.com\/emely_jelic\/"]}]}},"_links":{"self":[{"href":"https:\/\/advokatemelyjelic.com\/de\/wp-json\/wp\/v2\/pages\/15734","targetHints":{"allow":["GET"]}}],"collection":[{"href":"https:\/\/advokatemelyjelic.com\/de\/wp-json\/wp\/v2\/pages"}],"about":[{"href":"https:\/\/advokatemelyjelic.com\/de\/wp-json\/wp\/v2\/types\/page"}],"author":[{"embeddable":true,"href":"https:\/\/advokatemelyjelic.com\/de\/wp-json\/wp\/v2\/users\/1"}],"replies":[{"embeddable":true,"href":"https:\/\/advokatemelyjelic.com\/de\/wp-json\/wp\/v2\/comments?post=15734"}],"version-history":[{"count":8,"href":"https:\/\/advokatemelyjelic.com\/de\/wp-json\/wp\/v2\/pages\/15734\/revisions"}],"predecessor-version":[{"id":15826,"href":"https:\/\/advokatemelyjelic.com\/de\/wp-json\/wp\/v2\/pages\/15734\/revisions\/15826"}],"wp:attachment":[{"href":"https:\/\/advokatemelyjelic.com\/de\/wp-json\/wp\/v2\/media?parent=15734"}],"curies":[{"name":"wp","href":"https:\/\/api.w.org\/{rel}","templated":true}]}}