{"id":15743,"date":"2016-12-28T05:24:23","date_gmt":"2016-12-28T04:24:23","guid":{"rendered":"https:\/\/advokatemelyjelic.com\/?page_id=15743"},"modified":"2025-07-05T12:47:45","modified_gmt":"2025-07-05T10:47:45","slug":"about","status":"publish","type":"page","link":"https:\/\/advokatemelyjelic.com\/de\/about\/","title":{"rendered":"About"},"content":{"rendered":"<!--themify_builder_content-->\n<div id=\"themify_builder_content-15743\" data-postid=\"15743\" class=\"themify_builder_content themify_builder_content-15743 themify_builder tf_clear\">\n                    <div  data-css_id=\"wi69690\" data-lazy=\"1\" class=\"module_row themify_builder_row fullwidth_row_container tb_wi69690 tb_first tf_w wow\" data-tf-animation=\"fadeIn\">\n            <span  class=\"builder_row_cover tf_abs\" data-lazy=\"1\"><\/span>            <div class=\"row_inner col_align_top tb_col_count_1 tf_box tf_rel\">\n                        <div  data-lazy=\"1\" class=\"module_column tb-column col-full tb_44ze005 first\">\n                    <!-- module text -->\n<div  class=\"module module-text tb_fbh8590    wow\" data-tf-animation=\"fadeInUp\" data-lazy=\"1\">\n        <div  class=\"tb_text_wrap\">\n        <h1> \u00dcber uns<\/h1>\n    <\/div>\n<\/div>\n<!-- \/module text -->        <\/div>\n                        <\/div>\n        <\/div>\n                        <div  data-lazy=\"1\" class=\"module_row themify_builder_row tb_796h611 tf_w\">\n                        <div class=\"row_inner col_align_middle tb_col_count_2 tf_box tf_rel\">\n                        <div  data-lazy=\"1\" class=\"module_column tb-column col4-2 tb_zzap039 first\">\n                    <!-- module image -->\n<div  class=\"module module-image tb_rmwp066 image-center   tf_mw wow\" data-tf-animation=\"fadeInLeft\" data-lazy=\"1\">\n        <div class=\"image-wrap tf_rel tf_mw\">\n            <img loading=\"lazy\" decoding=\"async\" src=\"https:\/\/advokatemelyjelic.com\/wp-content\/uploads\/2025\/06\/1-scaled-1-684x1024-500x748.jpg\" width=\"500\" height=\"748\" class=\"wp-post-image wp-image-15708\" title=\"1-scaled\" alt=\"1-scaled\" srcset=\"https:\/\/advokatemelyjelic.com\/wp-content\/uploads\/2025\/06\/1-scaled-1-684x1024-500x748.jpg 500w, https:\/\/advokatemelyjelic.com\/wp-content\/uploads\/2025\/06\/1-scaled-1-200x300.jpg 200w, https:\/\/advokatemelyjelic.com\/wp-content\/uploads\/2025\/06\/1-scaled-1-684x1024.jpg 684w, https:\/\/advokatemelyjelic.com\/wp-content\/uploads\/2025\/06\/1-scaled-1-768x1150.jpg 768w, https:\/\/advokatemelyjelic.com\/wp-content\/uploads\/2025\/06\/1-scaled-1-1025x1536.jpg 1025w, https:\/\/advokatemelyjelic.com\/wp-content\/uploads\/2025\/06\/1-scaled-1-1367x2048.jpg 1367w, https:\/\/advokatemelyjelic.com\/wp-content\/uploads\/2025\/06\/1-scaled-1.jpg 1709w\" sizes=\"auto, (max-width: 500px) 100vw, 500px\" \/>    \n        <\/div>\n    <!-- \/image-wrap -->\n    \n        <\/div>\n<!-- \/module image -->        <\/div>\n                    <div  data-lazy=\"1\" class=\"module_column tb-column col4-2 tb_amdm056 last\">\n                    <!-- module text -->\n<div  class=\"module module-text tb_lqna766    wow\" data-tf-animation=\"fadeInRight\" data-lazy=\"1\">\n        <div  class=\"tb_text_wrap\">\n        <h2>Patricia Emely Jelic<\/h2>\n<p><span style=\"font-weight: bold;\"> Rechtsanw\u00e4ltin &amp;\u00a0Inhaberin<\/span><\/p>\n<p>Die Kanzlei wird von Emely Jelic gef\u00fchrt, die \u00fcber weitreichende Erfahrungen in Bezug auf Rechtsfragen rund um Spanien verf\u00fcgt.<\/p>\n<p>Emely Jelic ist in Schweden geboren und aufgewachsen. Sie ist eine schwedisch- und spanischsprachige Anw\u00e4ltin mit einem Jura-Abschluss der Fakult\u00e4t von M\u00e1laga und einem Jura Master Abschluss. Derzeit ist sie als Anw\u00e4ltin der Anwaltskammer von M\u00e1laga unter der Mitgliedsnummer 10515 t\u00e4tig.<\/p>\n<p>Emely Jelic verf\u00fcgt \u00fcber langj\u00e4hrige Erfahrung in verschiedenen Rechtsgebieten, darunter Immobilienrecht, Wirtschaftsrecht, Erbrecht usw.<\/p>\n<p>Die Kanzlei arbeitet mit Anw\u00e4lten mit langj\u00e4hriger Erfahrung in der Rechtsberatung zusammen, um sowohl internationale als auch nationale Mandanten zu betreuen. Dank unserer Erfahrung beraten wir Sie in verschiedenen Rechtsgebieten und Sprachen \u00fcber unter anderem Verfahrensrecht, Zivilrecht, Handelsrecht, Stadtplanungsrecht und Strafrecht.<\/p>\n<p><strong>Sprachen <\/strong><\/p>\n<p>Schwedisch, Englisch, Spanisch, Russisch, Franz\u00f6sisch, Deutsch, Ukrainisch, Arabisch und Polnisch<\/p>    <\/div>\n<\/div>\n<!-- \/module text -->        <\/div>\n                        <\/div>\n        <\/div>\n                        <div  data-lazy=\"1\" class=\"module_row themify_builder_row tb_76u6860 tf_w\">\n                        <div class=\"row_inner col_align_middle tb_col_count_2 tf_box tf_rel\">\n                        <div  data-lazy=\"1\" class=\"module_column tb-column col4-2 tb_72dl661 first\">\n                    <!-- module text -->\n<div  class=\"module module-text tb_pihg061    wow\" data-tf-animation=\"fadeInLeft\" data-lazy=\"1\">\n        <div  class=\"tb_text_wrap\">\n        <h2>Unsere Werte<\/h2>\n<p>In unserer Kanzlei bieten wir unseren Mandanten erstklassige Rechtsberatung, die ihre Bed\u00fcrfnisse und Interessen in den Mittelpunkt stellt. Unsere erfahrenen Anw\u00e4lte verf\u00fcgen \u00fcber umfassende Kenntnisse des Immobilienrechts an der Costa del Sol und bieten Ihnen fachkundige Beratung und Unterst\u00fctzung, die auf die individuelle Situation jedes Mandanten zugeschnitten ist.<\/p>\n<p>Wir legen Wert auf Ehrlichkeit, Integrit\u00e4t und Professionalit\u00e4t und streben nach h\u00f6chster Qualit\u00e4t in der Rechtsberatung mit pers\u00f6nlicher Note. Die Zufriedenheit unserer Mandanten hat f\u00fcr uns oberste Priorit\u00e4t, und wir setzen uns f\u00fcr erfolgreiche Ergebnisse ein. Kontaktieren Sie uns noch heute und \u00fcberzeugen Sie sich selbst.<\/p>\n    <\/div>\n<\/div>\n<!-- \/module text -->        <\/div>\n                    <div  data-lazy=\"1\" class=\"module_column tb-column col4-2 tb_re7r209 last\">\n                    <!-- module image -->\n<div  class=\"module module-image tb_6f29396 image-top   tf_mw wow\" data-tf-animation=\"fadeInRight\" data-lazy=\"1\">\n        <div class=\"image-wrap tf_rel tf_mw\">\n            <img loading=\"lazy\" decoding=\"async\" src=\"https:\/\/advokatemelyjelic.com\/wp-content\/uploads\/2016\/09\/PeopleImages.com-ID376521-1024x683-540x360.jpg\" width=\"540\" height=\"360\" class=\"wp-post-image wp-image-15546\" title=\"PeopleImages.com-ID376521\" alt=\"PeopleImages.com-ID376521\" srcset=\"https:\/\/advokatemelyjelic.com\/wp-content\/uploads\/2016\/09\/PeopleImages.com-ID376521-1024x683-540x360.jpg 540w, https:\/\/advokatemelyjelic.com\/wp-content\/uploads\/2016\/09\/PeopleImages.com-ID376521-300x200.jpg 300w, https:\/\/advokatemelyjelic.com\/wp-content\/uploads\/2016\/09\/PeopleImages.com-ID376521-1024x683.jpg 1024w, https:\/\/advokatemelyjelic.com\/wp-content\/uploads\/2016\/09\/PeopleImages.com-ID376521-768x512.jpg 768w, https:\/\/advokatemelyjelic.com\/wp-content\/uploads\/2016\/09\/PeopleImages.com-ID376521-1536x1024.jpg 1536w, https:\/\/advokatemelyjelic.com\/wp-content\/uploads\/2016\/09\/PeopleImages.com-ID376521.jpg 1689w\" sizes=\"auto, (max-width: 540px) 100vw, 540px\" \/>    \n        <\/div>\n    <!-- \/image-wrap -->\n    \n        <\/div>\n<!-- \/module image -->        <\/div>\n                        <\/div>\n        <\/div>\n                        <div  data-lazy=\"1\" class=\"module_row themify_builder_row tb_ynhj680 tf_w\">\n                        <div class=\"row_inner col_align_top tb_col_count_1 tf_box tf_rel\">\n                        <div  data-lazy=\"1\" class=\"module_column tb-column col-full tb_4bdg999 first\">\n                    <!-- module text -->\n<div  class=\"module module-text tb_oesd932    wow\" data-tf-animation=\"fadeInUp\" data-lazy=\"1\">\n        <div  class=\"tb_text_wrap\">\n        <h2>Kontaktieren Sie uns noch heute<\/h2>\n    <\/div>\n<\/div>\n<!-- \/module text --><!-- module buttons -->\n<div  class=\"module module-buttons tb_ik83960 buttons-horizontal solid  large wow\" data-tf-animation=\"fadeInLeft\" data-lazy=\"1\">\n        <div class=\"module-buttons-item tf_in_flx\">\n                        <a href=\"https:\/\/advokatemelyjelic.com\/de\/contact-us\/\" class=\"ui builder_button tf_in_flx blue\" >\n                                                KONTAKT                                        <\/a>\n                <\/div>\n            <\/div>\n<!-- \/module buttons -->\n        <div  data-lazy=\"1\" class=\"module_subrow themify_builder_sub_row tf_w col_align_top tb_col_count_1 tb_zaxw600\">\n                <div  data-lazy=\"1\" class=\"module_column sub_column col-full tb_01p4606 first\">\n                            <\/div>\n                    <\/div>\n                <\/div>\n                        <\/div>\n        <\/div>\n        <\/div>\n<!--\/themify_builder_content-->","protected":false},"excerpt":{"rendered":"<p>\u00dcber uns Patricia Emely Jelic Rechtsanw\u00e4ltin &amp;\u00a0Inhaberin Die Kanzlei wird von Emely Jelic gef\u00fchrt, die \u00fcber weitreichende Erfahrungen in Bezug auf Rechtsfragen rund um Spanien verf\u00fcgt. Emely Jelic ist in Schweden geboren und aufgewachsen. Sie ist eine schwedisch- und spanischsprachige Anw\u00e4ltin mit einem Jura-Abschluss der Fakult\u00e4t von M\u00e1laga und einem Jura Master Abschluss. Derzeit ist [&hellip;]<\/p>\n","protected":false},"author":5,"featured_media":0,"parent":0,"menu_order":0,"comment_status":"closed","ping_status":"closed","template":"","meta":{"footnotes":""},"class_list":["post-15743","page","type-page","status-publish","hentry","has-post-title","has-post-date","has-post-category","has-post-tag","has-post-comment","has-post-author",""],"yoast_head":"<!-- This site is optimized with the Yoast SEO plugin v26.4 - https:\/\/yoast.com\/wordpress\/plugins\/seo\/ -->\n<title>About &#8226; Advokatfirman Emely Jelic<\/title>\n<meta name=\"robots\" content=\"index, follow, max-snippet:-1, max-image-preview:large, max-video-preview:-1\" \/>\n<link rel=\"canonical\" href=\"https:\/\/advokatemelyjelic.com\/de\/about\/\" \/>\n<meta property=\"og:locale\" content=\"de_DE\" \/>\n<meta property=\"og:type\" content=\"article\" \/>\n<meta property=\"og:title\" content=\"About &#8226; Advokatfirman Emely Jelic\" \/>\n<meta property=\"og:description\" content=\"\u00dcber uns Patricia Emely Jelic Rechtsanw\u00e4ltin &amp;\u00a0Inhaberin Die Kanzlei wird von Emely Jelic gef\u00fchrt, die \u00fcber weitreichende Erfahrungen in Bezug auf Rechtsfragen rund um Spanien verf\u00fcgt. Emely Jelic ist in Schweden geboren und aufgewachsen. Sie ist eine schwedisch- und spanischsprachige Anw\u00e4ltin mit einem Jura-Abschluss der Fakult\u00e4t von M\u00e1laga und einem Jura Master Abschluss. Derzeit ist [&hellip;]\" \/>\n<meta property=\"og:url\" content=\"https:\/\/advokatemelyjelic.com\/de\/about\/\" \/>\n<meta property=\"og:site_name\" content=\"Advokatfirman Emely Jelic\" \/>\n<meta property=\"article:publisher\" content=\"https:\/\/www.facebook.com\/AdvokatEmelyJelic\" \/>\n<meta property=\"article:modified_time\" content=\"2025-07-05T10:47:45+00:00\" \/>\n<meta property=\"og:image\" content=\"https:\/\/advokatemelyjelic.com\/wp-content\/uploads\/2025\/06\/1-scaled-1-684x1024-500x748.jpg\" \/>\n<meta name=\"twitter:card\" content=\"summary_large_image\" \/>\n<meta name=\"twitter:label1\" content=\"Gesch\u00e4tzte Lesezeit\" \/>\n\t<meta name=\"twitter:data1\" content=\"2\u00a0Minuten\" \/>\n<script type=\"application\/ld+json\" class=\"yoast-schema-graph\">{\"@context\":\"https:\/\/schema.org\",\"@graph\":[{\"@type\":\"WebPage\",\"@id\":\"https:\/\/advokatemelyjelic.com\/de\/about\/\",\"url\":\"https:\/\/advokatemelyjelic.com\/de\/about\/\",\"name\":\"About &#8226; Advokatfirman Emely Jelic\",\"isPartOf\":{\"@id\":\"https:\/\/advokatemelyjelic.com\/de\/#website\"},\"primaryImageOfPage\":{\"@id\":\"https:\/\/advokatemelyjelic.com\/de\/about\/#primaryimage\"},\"image\":{\"@id\":\"https:\/\/advokatemelyjelic.com\/de\/about\/#primaryimage\"},\"thumbnailUrl\":\"https:\/\/advokatemelyjelic.com\/wp-content\/uploads\/2025\/06\/1-scaled-1-684x1024-500x748.jpg\",\"datePublished\":\"2016-12-28T04:24:23+00:00\",\"dateModified\":\"2025-07-05T10:47:45+00:00\",\"breadcrumb\":{\"@id\":\"https:\/\/advokatemelyjelic.com\/de\/about\/#breadcrumb\"},\"inLanguage\":\"de\",\"potentialAction\":[{\"@type\":\"ReadAction\",\"target\":[\"https:\/\/advokatemelyjelic.com\/de\/about\/\"]}]},{\"@type\":\"ImageObject\",\"inLanguage\":\"de\",\"@id\":\"https:\/\/advokatemelyjelic.com\/de\/about\/#primaryimage\",\"url\":\"https:\/\/advokatemelyjelic.com\/wp-content\/uploads\/2025\/06\/1-scaled-1-684x1024-500x748.jpg\",\"contentUrl\":\"https:\/\/advokatemelyjelic.com\/wp-content\/uploads\/2025\/06\/1-scaled-1-684x1024-500x748.jpg\"},{\"@type\":\"BreadcrumbList\",\"@id\":\"https:\/\/advokatemelyjelic.com\/de\/about\/#breadcrumb\",\"itemListElement\":[{\"@type\":\"ListItem\",\"position\":1,\"name\":\"Home\",\"item\":\"https:\/\/advokatemelyjelic.com\/de\/\"},{\"@type\":\"ListItem\",\"position\":2,\"name\":\"About\"}]},{\"@type\":\"WebSite\",\"@id\":\"https:\/\/advokatemelyjelic.com\/de\/#website\",\"url\":\"https:\/\/advokatemelyjelic.com\/de\/\",\"name\":\"Advokatfirman Emely Jelic\",\"description\":\"\",\"publisher\":{\"@id\":\"https:\/\/advokatemelyjelic.com\/de\/#organization\"},\"alternateName\":\"Advokat Emely Jelic\",\"potentialAction\":[{\"@type\":\"SearchAction\",\"target\":{\"@type\":\"EntryPoint\",\"urlTemplate\":\"https:\/\/advokatemelyjelic.com\/de\/?s={search_term_string}\"},\"query-input\":{\"@type\":\"PropertyValueSpecification\",\"valueRequired\":true,\"valueName\":\"search_term_string\"}}],\"inLanguage\":\"de\"},{\"@type\":\"Organization\",\"@id\":\"https:\/\/advokatemelyjelic.com\/de\/#organization\",\"name\":\"Advokatfirman Emely Jelic\",\"alternateName\":\"Advokat Emely Jelic\",\"url\":\"https:\/\/advokatemelyjelic.com\/de\/\",\"logo\":{\"@type\":\"ImageObject\",\"inLanguage\":\"de\",\"@id\":\"https:\/\/advokatemelyjelic.com\/de\/#\/schema\/logo\/image\/\",\"url\":\"https:\/\/advokatemelyjelic.com\/wp-content\/uploads\/2023\/04\/Logga-Advokatfirman-Emely-Jelic.png\",\"contentUrl\":\"https:\/\/advokatemelyjelic.com\/wp-content\/uploads\/2023\/04\/Logga-Advokatfirman-Emely-Jelic.png\",\"width\":468,\"height\":87,\"caption\":\"Advokatfirman Emely Jelic\"},\"image\":{\"@id\":\"https:\/\/advokatemelyjelic.com\/de\/#\/schema\/logo\/image\/\"},\"sameAs\":[\"https:\/\/www.facebook.com\/AdvokatEmelyJelic\",\"https:\/\/www.instagram.com\/emely_jelic\/\"]}]}<\/script>\n<!-- \/ Yoast SEO plugin. -->","yoast_head_json":{"title":"About &#8226; Advokatfirman Emely Jelic","robots":{"index":"index","follow":"follow","max-snippet":"max-snippet:-1","max-image-preview":"max-image-preview:large","max-video-preview":"max-video-preview:-1"},"canonical":"https:\/\/advokatemelyjelic.com\/de\/about\/","og_locale":"de_DE","og_type":"article","og_title":"About &#8226; Advokatfirman Emely Jelic","og_description":"\u00dcber uns Patricia Emely Jelic Rechtsanw\u00e4ltin &amp;\u00a0Inhaberin Die Kanzlei wird von Emely Jelic gef\u00fchrt, die \u00fcber weitreichende Erfahrungen in Bezug auf Rechtsfragen rund um Spanien verf\u00fcgt. Emely Jelic ist in Schweden geboren und aufgewachsen. Sie ist eine schwedisch- und spanischsprachige Anw\u00e4ltin mit einem Jura-Abschluss der Fakult\u00e4t von M\u00e1laga und einem Jura Master Abschluss. Derzeit ist [&hellip;]","og_url":"https:\/\/advokatemelyjelic.com\/de\/about\/","og_site_name":"Advokatfirman Emely Jelic","article_publisher":"https:\/\/www.facebook.com\/AdvokatEmelyJelic","article_modified_time":"2025-07-05T10:47:45+00:00","og_image":[{"url":"https:\/\/advokatemelyjelic.com\/wp-content\/uploads\/2025\/06\/1-scaled-1-684x1024-500x748.jpg","type":"","width":"","height":""}],"twitter_card":"summary_large_image","twitter_misc":{"Gesch\u00e4tzte Lesezeit":"2\u00a0Minuten"},"schema":{"@context":"https:\/\/schema.org","@graph":[{"@type":"WebPage","@id":"https:\/\/advokatemelyjelic.com\/de\/about\/","url":"https:\/\/advokatemelyjelic.com\/de\/about\/","name":"About &#8226; Advokatfirman Emely Jelic","isPartOf":{"@id":"https:\/\/advokatemelyjelic.com\/de\/#website"},"primaryImageOfPage":{"@id":"https:\/\/advokatemelyjelic.com\/de\/about\/#primaryimage"},"image":{"@id":"https:\/\/advokatemelyjelic.com\/de\/about\/#primaryimage"},"thumbnailUrl":"https:\/\/advokatemelyjelic.com\/wp-content\/uploads\/2025\/06\/1-scaled-1-684x1024-500x748.jpg","datePublished":"2016-12-28T04:24:23+00:00","dateModified":"2025-07-05T10:47:45+00:00","breadcrumb":{"@id":"https:\/\/advokatemelyjelic.com\/de\/about\/#breadcrumb"},"inLanguage":"de","potentialAction":[{"@type":"ReadAction","target":["https:\/\/advokatemelyjelic.com\/de\/about\/"]}]},{"@type":"ImageObject","inLanguage":"de","@id":"https:\/\/advokatemelyjelic.com\/de\/about\/#primaryimage","url":"https:\/\/advokatemelyjelic.com\/wp-content\/uploads\/2025\/06\/1-scaled-1-684x1024-500x748.jpg","contentUrl":"https:\/\/advokatemelyjelic.com\/wp-content\/uploads\/2025\/06\/1-scaled-1-684x1024-500x748.jpg"},{"@type":"BreadcrumbList","@id":"https:\/\/advokatemelyjelic.com\/de\/about\/#breadcrumb","itemListElement":[{"@type":"ListItem","position":1,"name":"Home","item":"https:\/\/advokatemelyjelic.com\/de\/"},{"@type":"ListItem","position":2,"name":"About"}]},{"@type":"WebSite","@id":"https:\/\/advokatemelyjelic.com\/de\/#website","url":"https:\/\/advokatemelyjelic.com\/de\/","name":"Advokatfirman Emely Jelic","description":"","publisher":{"@id":"https:\/\/advokatemelyjelic.com\/de\/#organization"},"alternateName":"Advokat Emely Jelic","potentialAction":[{"@type":"SearchAction","target":{"@type":"EntryPoint","urlTemplate":"https:\/\/advokatemelyjelic.com\/de\/?s={search_term_string}"},"query-input":{"@type":"PropertyValueSpecification","valueRequired":true,"valueName":"search_term_string"}}],"inLanguage":"de"},{"@type":"Organization","@id":"https:\/\/advokatemelyjelic.com\/de\/#organization","name":"Advokatfirman Emely Jelic","alternateName":"Advokat Emely Jelic","url":"https:\/\/advokatemelyjelic.com\/de\/","logo":{"@type":"ImageObject","inLanguage":"de","@id":"https:\/\/advokatemelyjelic.com\/de\/#\/schema\/logo\/image\/","url":"https:\/\/advokatemelyjelic.com\/wp-content\/uploads\/2023\/04\/Logga-Advokatfirman-Emely-Jelic.png","contentUrl":"https:\/\/advokatemelyjelic.com\/wp-content\/uploads\/2023\/04\/Logga-Advokatfirman-Emely-Jelic.png","width":468,"height":87,"caption":"Advokatfirman Emely Jelic"},"image":{"@id":"https:\/\/advokatemelyjelic.com\/de\/#\/schema\/logo\/image\/"},"sameAs":["https:\/\/www.facebook.com\/AdvokatEmelyJelic","https:\/\/www.instagram.com\/emely_jelic\/"]}]}},"_links":{"self":[{"href":"https:\/\/advokatemelyjelic.com\/de\/wp-json\/wp\/v2\/pages\/15743","targetHints":{"allow":["GET"]}}],"collection":[{"href":"https:\/\/advokatemelyjelic.com\/de\/wp-json\/wp\/v2\/pages"}],"about":[{"href":"https:\/\/advokatemelyjelic.com\/de\/wp-json\/wp\/v2\/types\/page"}],"author":[{"embeddable":true,"href":"https:\/\/advokatemelyjelic.com\/de\/wp-json\/wp\/v2\/users\/5"}],"replies":[{"embeddable":true,"href":"https:\/\/advokatemelyjelic.com\/de\/wp-json\/wp\/v2\/comments?post=15743"}],"version-history":[{"count":11,"href":"https:\/\/advokatemelyjelic.com\/de\/wp-json\/wp\/v2\/pages\/15743\/revisions"}],"predecessor-version":[{"id":15860,"href":"https:\/\/advokatemelyjelic.com\/de\/wp-json\/wp\/v2\/pages\/15743\/revisions\/15860"}],"wp:attachment":[{"href":"https:\/\/advokatemelyjelic.com\/de\/wp-json\/wp\/v2\/media?parent=15743"}],"curies":[{"name":"wp","href":"https:\/\/api.w.org\/{rel}","templated":true}]}}