{"id":794,"date":"2016-12-28T05:24:23","date_gmt":"2016-12-28T04:24:23","guid":{"rendered":"https:\/\/advokatemelyjelic.com\/about\/"},"modified":"2025-06-29T17:38:35","modified_gmt":"2025-06-29T15:38:35","slug":"sobre-nosotros","status":"publish","type":"page","link":"https:\/\/advokatemelyjelic.com\/es\/sobre-nosotros\/","title":{"rendered":"Sobre Nosotros"},"content":{"rendered":"<!--themify_builder_content-->\n<div id=\"themify_builder_content-794\" data-postid=\"794\" class=\"themify_builder_content themify_builder_content-794 themify_builder tf_clear\">\n                    <div  data-css_id=\"wi69690\" data-lazy=\"1\" class=\"module_row themify_builder_row fullwidth_row_container tb_wi69690 tb_first tf_w wow\" data-tf-animation=\"fadeIn\">\n            <span  class=\"builder_row_cover tf_abs\" data-lazy=\"1\"><\/span>            <div class=\"row_inner col_align_top tb_col_count_1 tf_box tf_rel\">\n                        <div  data-lazy=\"1\" class=\"module_column tb-column col-full tb_44ze005 first\">\n                    <!-- module text -->\n<div  class=\"module module-text tb_fbh8590    wow\" data-tf-animation=\"fadeInUp\" data-lazy=\"1\">\n        <div  class=\"tb_text_wrap\">\n        <h1>Sobre Nosotros<\/h1>    <\/div>\n<\/div>\n<!-- \/module text -->        <\/div>\n                        <\/div>\n        <\/div>\n                        <div  data-lazy=\"1\" class=\"module_row themify_builder_row tb_796h611 tf_w\">\n                        <div class=\"row_inner col_align_middle tb_col_count_2 tf_box tf_rel\">\n                        <div  data-lazy=\"1\" class=\"module_column tb-column col4-2 tb_zzap039 first\">\n                    <!-- module image -->\n<div  class=\"module module-image tb_rmwp066 image-center   tf_mw wow\" data-tf-animation=\"fadeInLeft\" data-lazy=\"1\">\n        <div class=\"image-wrap tf_rel tf_mw\">\n            <img loading=\"lazy\" decoding=\"async\" src=\"https:\/\/advokatemelyjelic.com\/wp-content\/uploads\/2025\/06\/1-scaled-1-684x1024-500x748.jpg\" width=\"500\" height=\"748\" class=\"wp-post-image wp-image-15709\" title=\"1-scaled\" alt=\"1-scaled\" srcset=\"https:\/\/advokatemelyjelic.com\/wp-content\/uploads\/2025\/06\/1-scaled-1-684x1024-500x748.jpg 500w, https:\/\/advokatemelyjelic.com\/wp-content\/uploads\/2025\/06\/1-scaled-1-200x300.jpg 200w, https:\/\/advokatemelyjelic.com\/wp-content\/uploads\/2025\/06\/1-scaled-1-684x1024.jpg 684w, https:\/\/advokatemelyjelic.com\/wp-content\/uploads\/2025\/06\/1-scaled-1-768x1150.jpg 768w, https:\/\/advokatemelyjelic.com\/wp-content\/uploads\/2025\/06\/1-scaled-1-1025x1536.jpg 1025w, https:\/\/advokatemelyjelic.com\/wp-content\/uploads\/2025\/06\/1-scaled-1-1367x2048.jpg 1367w, https:\/\/advokatemelyjelic.com\/wp-content\/uploads\/2025\/06\/1-scaled-1.jpg 1709w\" sizes=\"auto, (max-width: 500px) 100vw, 500px\" \/>    \n        <\/div>\n    <!-- \/image-wrap -->\n    \n        <\/div>\n<!-- \/module image -->        <\/div>\n                    <div  data-lazy=\"1\" class=\"module_column tb-column col4-2 tb_amdm056 last\">\n                    <!-- module text -->\n<div  class=\"module module-text tb_lqna766    wow\" data-tf-animation=\"fadeInRight\" data-lazy=\"1\">\n        <div  class=\"tb_text_wrap\">\n        <h2>Patricia Emely Jelic<\/h2>\n<p><strong>Abogado<\/strong><\/p>\n<p>La empresa est\u00e1 dirigida por Emely Jelic, que tiene experiencia en asuntos jur\u00eddicos relacionados con Espa\u00f1a.<\/p>\n<p>Emely Jelic naci\u00f3 y creci\u00f3 en Suecia. Es abogada de habla sueca e hispana, licenciada en Derecho por la Facultad de M\u00e1laga, complet\u00f3 su m\u00e1ster en la Universidad de M\u00e1laga. Actualmente ejerce como abogada colegiada en el Ilustre Colegio de Abogados de M\u00e1laga, con el n\u00famero de colegiada 10515.<\/p>\n<p>Emely Jelic cuenta con experiencia previa en diferentes \u00e1reas jur\u00eddicas, como Derecho Inmobiliario, Derecho Mercantil, Derecho de Sucesiones etc..<\/p>\n<p>El despacho cuenta con la colaboraci\u00f3n de abogados con una larga experiencia en servicios jur\u00eddicos para ayudar tanto a clientes internacionales como a clientes nacionales. Con nuestra experiencia podemos asesorarle en los diferentes campos, tales como Derecho Procesal, Derecho Civil, Derecho Mercantil, Derecho Urban\u00edstico, Derecho Penal etc.<\/p>\n<p><strong>Idiomas<\/strong><\/p>\n<p>Sueco, Ingl\u00e9s, Espa\u00f1ol , Ruso, Frances, Aleman, Ucraniano, \u00c1rabe y Polaco<\/p>    <\/div>\n<\/div>\n<!-- \/module text -->        <\/div>\n                        <\/div>\n        <\/div>\n                        <div  data-lazy=\"1\" class=\"module_row themify_builder_row tb_76u6860 tf_w\">\n                        <div class=\"row_inner col_align_middle tb_col_count_2 tf_box tf_rel\">\n                        <div  data-lazy=\"1\" class=\"module_column tb-column col4-2 tb_72dl661 first\">\n                    <!-- module text -->\n<div  class=\"module module-text tb_pihg061    wow\" data-tf-animation=\"fadeInLeft\" data-lazy=\"1\">\n        <div  class=\"tb_text_wrap\">\n        <h2>Nuestros Valores<\/h2>\n<p>En nuestro bufete de abogados, estamos comprometidos a proporcionar a nuestros clientes servicios legales excepcionales que den prioridad a sus necesidades e intereses. Con un profundo conocimiento del derecho inmobiliario de la Costa del Sol, nuestros abogados expertos ofrecen orientaci\u00f3n y apoyo adaptados a la situaci\u00f3n \u00fanica de cada cliente.<\/p>\n<p>Valoramos la honestidad, la integridad y la profesionalidad, y nos esforzamos por ofrecer el m\u00e1s alto nivel de servicio jur\u00eddico con un toque personal. La satisfacci\u00f3n de nuestros clientes es nuestra principal prioridad, y estamos dedicados a lograr resultados exitosos para ellos. P\u00f3ngase en contacto con nosotros hoy mismo para experimentar la diferencia que nuestros valores pueden marcar en sus necesidades inmobiliarias en la Costa del Sol.<\/p>\n<p>\u00a0<\/p>    <\/div>\n<\/div>\n<!-- \/module text -->        <\/div>\n                    <div  data-lazy=\"1\" class=\"module_column tb-column col4-2 tb_re7r209 last\">\n                    <!-- module image -->\n<div  class=\"module module-image tb_6f29396 image-top   tf_mw wow\" data-tf-animation=\"fadeInRight\" data-lazy=\"1\">\n        <div class=\"image-wrap tf_rel tf_mw\">\n            <img loading=\"lazy\" decoding=\"async\" src=\"https:\/\/advokatemelyjelic.com\/wp-content\/uploads\/2016\/09\/PeopleImages.com-ID376521-1024x683-540x360.jpg\" width=\"540\" height=\"360\" class=\"wp-post-image wp-image-359\" title=\"PeopleImages.com-ID376521\" alt=\"PeopleImages.com-ID376521\" srcset=\"https:\/\/advokatemelyjelic.com\/wp-content\/uploads\/2016\/09\/PeopleImages.com-ID376521-1024x683-540x360.jpg 540w, https:\/\/advokatemelyjelic.com\/wp-content\/uploads\/2016\/09\/PeopleImages.com-ID376521-300x200.jpg 300w, https:\/\/advokatemelyjelic.com\/wp-content\/uploads\/2016\/09\/PeopleImages.com-ID376521-1024x683.jpg 1024w, https:\/\/advokatemelyjelic.com\/wp-content\/uploads\/2016\/09\/PeopleImages.com-ID376521-768x512.jpg 768w, https:\/\/advokatemelyjelic.com\/wp-content\/uploads\/2016\/09\/PeopleImages.com-ID376521-1536x1024.jpg 1536w, https:\/\/advokatemelyjelic.com\/wp-content\/uploads\/2016\/09\/PeopleImages.com-ID376521.jpg 1689w\" sizes=\"auto, (max-width: 540px) 100vw, 540px\" \/>    \n        <\/div>\n    <!-- \/image-wrap -->\n    \n        <\/div>\n<!-- \/module image -->        <\/div>\n                        <\/div>\n        <\/div>\n                        <div  data-lazy=\"1\" class=\"module_row themify_builder_row tb_ynhj680 tf_w\">\n                        <div class=\"row_inner col_align_top tb_col_count_1 tf_box tf_rel\">\n                        <div  data-lazy=\"1\" class=\"module_column tb-column col-full tb_4bdg999 first\">\n                    <!-- module text -->\n<div  class=\"module module-text tb_oesd932    wow\" data-tf-animation=\"fadeInUp\" data-lazy=\"1\">\n        <div  class=\"tb_text_wrap\">\n        <h2>P\u00f3ngase en contacto con nosotros<\/h2>    <\/div>\n<\/div>\n<!-- \/module text --><!-- module buttons -->\n<div  class=\"module module-buttons tb_ik83960 buttons-horizontal solid  large wow\" data-tf-animation=\"fadeInLeft\" data-lazy=\"1\">\n        <div class=\"module-buttons-item tf_in_flx\">\n                        <a href=\"https:\/\/advokatemelyjelic.com\/es\/contacto\" class=\"ui builder_button tf_in_flx blue\" >\n                                                Contactar                                        <\/a>\n                <\/div>\n            <\/div>\n<!-- \/module buttons -->\n        <div  data-lazy=\"1\" class=\"module_subrow themify_builder_sub_row tf_w col_align_top tb_col_count_1 tb_zaxw600\">\n                <div  data-lazy=\"1\" class=\"module_column sub_column col-full tb_01p4606 first\">\n                            <\/div>\n                    <\/div>\n                <\/div>\n                        <\/div>\n        <\/div>\n        <\/div>\n<!--\/themify_builder_content-->","protected":false},"excerpt":{"rendered":"<p>Sobre Nosotros Patricia Emely Jelic Abogado La empresa est\u00e1 dirigida por Emely Jelic, que tiene experiencia en asuntos jur\u00eddicos relacionados con Espa\u00f1a. Emely Jelic naci\u00f3 y creci\u00f3 en Suecia. Es abogada de habla sueca e hispana, licenciada en Derecho por la Facultad de M\u00e1laga, complet\u00f3 su m\u00e1ster en la Universidad de M\u00e1laga. Actualmente ejerce como [&hellip;]<\/p>\n","protected":false},"author":1,"featured_media":0,"parent":0,"menu_order":0,"comment_status":"closed","ping_status":"closed","template":"","meta":{"footnotes":""},"class_list":["post-794","page","type-page","status-publish","hentry","has-post-title","has-post-date","has-post-category","has-post-tag","has-post-comment","has-post-author",""],"yoast_head":"<!-- This site is optimized with the Yoast SEO plugin v26.4 - https:\/\/yoast.com\/wordpress\/plugins\/seo\/ -->\n<title>Sobre Nosotros &#8226; Advokatfirman Emely Jelic<\/title>\n<meta name=\"description\" content=\"Abogada sueca y espa\u00f1ola con t\u00edtulo en Derecho por la Facultad de M\u00e1laga. Experta en derechos de propiedad, derecho inmobiliario y sucesiones.\" \/>\n<meta name=\"robots\" content=\"index, follow, max-snippet:-1, max-image-preview:large, max-video-preview:-1\" \/>\n<link rel=\"canonical\" href=\"https:\/\/advokatemelyjelic.com\/es\/sobre-nosotros\/\" \/>\n<meta property=\"og:locale\" content=\"es_ES\" \/>\n<meta property=\"og:type\" content=\"article\" \/>\n<meta property=\"og:title\" content=\"Sobre Nosotros &#8226; Advokatfirman Emely Jelic\" \/>\n<meta property=\"og:description\" content=\"Abogada sueca y espa\u00f1ola con t\u00edtulo en Derecho por la Facultad de M\u00e1laga. Experta en derechos de propiedad, derecho inmobiliario y sucesiones.\" \/>\n<meta property=\"og:url\" content=\"https:\/\/advokatemelyjelic.com\/es\/sobre-nosotros\/\" \/>\n<meta property=\"og:site_name\" content=\"Advokatfirman Emely Jelic\" \/>\n<meta property=\"article:publisher\" content=\"https:\/\/www.facebook.com\/AdvokatEmelyJelic\" \/>\n<meta property=\"article:modified_time\" content=\"2025-06-29T15:38:35+00:00\" \/>\n<meta property=\"og:image\" content=\"https:\/\/advokatemelyjelic.com\/wp-content\/uploads\/2025\/06\/1-scaled-1.jpg\" \/>\n\t<meta property=\"og:image:width\" content=\"1709\" \/>\n\t<meta property=\"og:image:height\" content=\"2560\" \/>\n\t<meta property=\"og:image:type\" content=\"image\/jpeg\" \/>\n<meta name=\"twitter:card\" content=\"summary_large_image\" \/>\n<meta name=\"twitter:label1\" content=\"Tiempo de lectura\" \/>\n\t<meta name=\"twitter:data1\" content=\"3 minutos\" \/>\n<script type=\"application\/ld+json\" class=\"yoast-schema-graph\">{\"@context\":\"https:\/\/schema.org\",\"@graph\":[{\"@type\":\"WebPage\",\"@id\":\"https:\/\/advokatemelyjelic.com\/es\/sobre-nosotros\/\",\"url\":\"https:\/\/advokatemelyjelic.com\/es\/sobre-nosotros\/\",\"name\":\"Sobre Nosotros &#8226; Advokatfirman Emely Jelic\",\"isPartOf\":{\"@id\":\"https:\/\/advokatemelyjelic.com\/es\/#website\"},\"primaryImageOfPage\":{\"@id\":\"https:\/\/advokatemelyjelic.com\/es\/sobre-nosotros\/#primaryimage\"},\"image\":{\"@id\":\"https:\/\/advokatemelyjelic.com\/es\/sobre-nosotros\/#primaryimage\"},\"thumbnailUrl\":\"https:\/\/advokatemelyjelic.com\/wp-content\/uploads\/2025\/06\/1-scaled-1-684x1024-500x748.jpg\",\"datePublished\":\"2016-12-28T04:24:23+00:00\",\"dateModified\":\"2025-06-29T15:38:35+00:00\",\"description\":\"Abogada sueca y espa\u00f1ola con t\u00edtulo en Derecho por la Facultad de M\u00e1laga. Experta en derechos de propiedad, derecho inmobiliario y sucesiones.\",\"breadcrumb\":{\"@id\":\"https:\/\/advokatemelyjelic.com\/es\/sobre-nosotros\/#breadcrumb\"},\"inLanguage\":\"es\",\"potentialAction\":[{\"@type\":\"ReadAction\",\"target\":[\"https:\/\/advokatemelyjelic.com\/es\/sobre-nosotros\/\"]}]},{\"@type\":\"ImageObject\",\"inLanguage\":\"es\",\"@id\":\"https:\/\/advokatemelyjelic.com\/es\/sobre-nosotros\/#primaryimage\",\"url\":\"https:\/\/advokatemelyjelic.com\/wp-content\/uploads\/2025\/06\/1-scaled-1-684x1024-500x748.jpg\",\"contentUrl\":\"https:\/\/advokatemelyjelic.com\/wp-content\/uploads\/2025\/06\/1-scaled-1-684x1024-500x748.jpg\"},{\"@type\":\"BreadcrumbList\",\"@id\":\"https:\/\/advokatemelyjelic.com\/es\/sobre-nosotros\/#breadcrumb\",\"itemListElement\":[{\"@type\":\"ListItem\",\"position\":1,\"name\":\"Home\",\"item\":\"https:\/\/advokatemelyjelic.com\/es\/\"},{\"@type\":\"ListItem\",\"position\":2,\"name\":\"Sobre Nosotros\"}]},{\"@type\":\"WebSite\",\"@id\":\"https:\/\/advokatemelyjelic.com\/es\/#website\",\"url\":\"https:\/\/advokatemelyjelic.com\/es\/\",\"name\":\"Advokatfirman Emely Jelic\",\"description\":\"\",\"publisher\":{\"@id\":\"https:\/\/advokatemelyjelic.com\/es\/#organization\"},\"alternateName\":\"Advokat Emely Jelic\",\"potentialAction\":[{\"@type\":\"SearchAction\",\"target\":{\"@type\":\"EntryPoint\",\"urlTemplate\":\"https:\/\/advokatemelyjelic.com\/es\/?s={search_term_string}\"},\"query-input\":{\"@type\":\"PropertyValueSpecification\",\"valueRequired\":true,\"valueName\":\"search_term_string\"}}],\"inLanguage\":\"es\"},{\"@type\":\"Organization\",\"@id\":\"https:\/\/advokatemelyjelic.com\/es\/#organization\",\"name\":\"Advokatfirman Emely Jelic\",\"alternateName\":\"Advokat Emely Jelic\",\"url\":\"https:\/\/advokatemelyjelic.com\/es\/\",\"logo\":{\"@type\":\"ImageObject\",\"inLanguage\":\"es\",\"@id\":\"https:\/\/advokatemelyjelic.com\/es\/#\/schema\/logo\/image\/\",\"url\":\"https:\/\/advokatemelyjelic.com\/wp-content\/uploads\/2023\/04\/Logga-Advokatfirman-Emely-Jelic.png\",\"contentUrl\":\"https:\/\/advokatemelyjelic.com\/wp-content\/uploads\/2023\/04\/Logga-Advokatfirman-Emely-Jelic.png\",\"width\":468,\"height\":87,\"caption\":\"Advokatfirman Emely Jelic\"},\"image\":{\"@id\":\"https:\/\/advokatemelyjelic.com\/es\/#\/schema\/logo\/image\/\"},\"sameAs\":[\"https:\/\/www.facebook.com\/AdvokatEmelyJelic\",\"https:\/\/www.instagram.com\/emely_jelic\/\"]}]}<\/script>\n<!-- \/ Yoast SEO plugin. -->","yoast_head_json":{"title":"Sobre Nosotros &#8226; Advokatfirman Emely Jelic","description":"Abogada sueca y espa\u00f1ola con t\u00edtulo en Derecho por la Facultad de M\u00e1laga. Experta en derechos de propiedad, derecho inmobiliario y sucesiones.","robots":{"index":"index","follow":"follow","max-snippet":"max-snippet:-1","max-image-preview":"max-image-preview:large","max-video-preview":"max-video-preview:-1"},"canonical":"https:\/\/advokatemelyjelic.com\/es\/sobre-nosotros\/","og_locale":"es_ES","og_type":"article","og_title":"Sobre Nosotros &#8226; Advokatfirman Emely Jelic","og_description":"Abogada sueca y espa\u00f1ola con t\u00edtulo en Derecho por la Facultad de M\u00e1laga. Experta en derechos de propiedad, derecho inmobiliario y sucesiones.","og_url":"https:\/\/advokatemelyjelic.com\/es\/sobre-nosotros\/","og_site_name":"Advokatfirman Emely Jelic","article_publisher":"https:\/\/www.facebook.com\/AdvokatEmelyJelic","article_modified_time":"2025-06-29T15:38:35+00:00","og_image":[{"width":1709,"height":2560,"url":"https:\/\/advokatemelyjelic.com\/wp-content\/uploads\/2025\/06\/1-scaled-1.jpg","type":"image\/jpeg"}],"twitter_card":"summary_large_image","twitter_misc":{"Tiempo de lectura":"3 minutos"},"schema":{"@context":"https:\/\/schema.org","@graph":[{"@type":"WebPage","@id":"https:\/\/advokatemelyjelic.com\/es\/sobre-nosotros\/","url":"https:\/\/advokatemelyjelic.com\/es\/sobre-nosotros\/","name":"Sobre Nosotros &#8226; Advokatfirman Emely Jelic","isPartOf":{"@id":"https:\/\/advokatemelyjelic.com\/es\/#website"},"primaryImageOfPage":{"@id":"https:\/\/advokatemelyjelic.com\/es\/sobre-nosotros\/#primaryimage"},"image":{"@id":"https:\/\/advokatemelyjelic.com\/es\/sobre-nosotros\/#primaryimage"},"thumbnailUrl":"https:\/\/advokatemelyjelic.com\/wp-content\/uploads\/2025\/06\/1-scaled-1-684x1024-500x748.jpg","datePublished":"2016-12-28T04:24:23+00:00","dateModified":"2025-06-29T15:38:35+00:00","description":"Abogada sueca y espa\u00f1ola con t\u00edtulo en Derecho por la Facultad de M\u00e1laga. Experta en derechos de propiedad, derecho inmobiliario y sucesiones.","breadcrumb":{"@id":"https:\/\/advokatemelyjelic.com\/es\/sobre-nosotros\/#breadcrumb"},"inLanguage":"es","potentialAction":[{"@type":"ReadAction","target":["https:\/\/advokatemelyjelic.com\/es\/sobre-nosotros\/"]}]},{"@type":"ImageObject","inLanguage":"es","@id":"https:\/\/advokatemelyjelic.com\/es\/sobre-nosotros\/#primaryimage","url":"https:\/\/advokatemelyjelic.com\/wp-content\/uploads\/2025\/06\/1-scaled-1-684x1024-500x748.jpg","contentUrl":"https:\/\/advokatemelyjelic.com\/wp-content\/uploads\/2025\/06\/1-scaled-1-684x1024-500x748.jpg"},{"@type":"BreadcrumbList","@id":"https:\/\/advokatemelyjelic.com\/es\/sobre-nosotros\/#breadcrumb","itemListElement":[{"@type":"ListItem","position":1,"name":"Home","item":"https:\/\/advokatemelyjelic.com\/es\/"},{"@type":"ListItem","position":2,"name":"Sobre Nosotros"}]},{"@type":"WebSite","@id":"https:\/\/advokatemelyjelic.com\/es\/#website","url":"https:\/\/advokatemelyjelic.com\/es\/","name":"Advokatfirman Emely Jelic","description":"","publisher":{"@id":"https:\/\/advokatemelyjelic.com\/es\/#organization"},"alternateName":"Advokat Emely Jelic","potentialAction":[{"@type":"SearchAction","target":{"@type":"EntryPoint","urlTemplate":"https:\/\/advokatemelyjelic.com\/es\/?s={search_term_string}"},"query-input":{"@type":"PropertyValueSpecification","valueRequired":true,"valueName":"search_term_string"}}],"inLanguage":"es"},{"@type":"Organization","@id":"https:\/\/advokatemelyjelic.com\/es\/#organization","name":"Advokatfirman Emely Jelic","alternateName":"Advokat Emely Jelic","url":"https:\/\/advokatemelyjelic.com\/es\/","logo":{"@type":"ImageObject","inLanguage":"es","@id":"https:\/\/advokatemelyjelic.com\/es\/#\/schema\/logo\/image\/","url":"https:\/\/advokatemelyjelic.com\/wp-content\/uploads\/2023\/04\/Logga-Advokatfirman-Emely-Jelic.png","contentUrl":"https:\/\/advokatemelyjelic.com\/wp-content\/uploads\/2023\/04\/Logga-Advokatfirman-Emely-Jelic.png","width":468,"height":87,"caption":"Advokatfirman Emely Jelic"},"image":{"@id":"https:\/\/advokatemelyjelic.com\/es\/#\/schema\/logo\/image\/"},"sameAs":["https:\/\/www.facebook.com\/AdvokatEmelyJelic","https:\/\/www.instagram.com\/emely_jelic\/"]}]}},"_links":{"self":[{"href":"https:\/\/advokatemelyjelic.com\/es\/wp-json\/wp\/v2\/pages\/794","targetHints":{"allow":["GET"]}}],"collection":[{"href":"https:\/\/advokatemelyjelic.com\/es\/wp-json\/wp\/v2\/pages"}],"about":[{"href":"https:\/\/advokatemelyjelic.com\/es\/wp-json\/wp\/v2\/types\/page"}],"author":[{"embeddable":true,"href":"https:\/\/advokatemelyjelic.com\/es\/wp-json\/wp\/v2\/users\/1"}],"replies":[{"embeddable":true,"href":"https:\/\/advokatemelyjelic.com\/es\/wp-json\/wp\/v2\/comments?post=794"}],"version-history":[{"count":19,"href":"https:\/\/advokatemelyjelic.com\/es\/wp-json\/wp\/v2\/pages\/794\/revisions"}],"predecessor-version":[{"id":15715,"href":"https:\/\/advokatemelyjelic.com\/es\/wp-json\/wp\/v2\/pages\/794\/revisions\/15715"}],"wp:attachment":[{"href":"https:\/\/advokatemelyjelic.com\/es\/wp-json\/wp\/v2\/media?parent=794"}],"curies":[{"name":"wp","href":"https:\/\/api.w.org\/{rel}","templated":true}]}}