{"id":795,"date":"2016-12-28T05:24:23","date_gmt":"2016-12-28T04:24:23","guid":{"rendered":"https:\/\/advokatemelyjelic.com\/about\/"},"modified":"2025-06-29T17:39:13","modified_gmt":"2025-06-29T15:39:13","slug":"om-oss","status":"publish","type":"page","link":"https:\/\/advokatemelyjelic.com\/sv\/om-oss\/","title":{"rendered":"Om Oss"},"content":{"rendered":"<!--themify_builder_content-->\n<div id=\"themify_builder_content-795\" data-postid=\"795\" class=\"themify_builder_content themify_builder_content-795 themify_builder tf_clear\">\n                    <div  data-css_id=\"wi69690\" data-lazy=\"1\" class=\"module_row themify_builder_row fullwidth_row_container tb_wi69690 tb_first tf_w wow\" data-tf-animation=\"fadeIn\">\n            <span  class=\"builder_row_cover tf_abs\" data-lazy=\"1\"><\/span>            <div class=\"row_inner col_align_top tb_col_count_1 tf_box tf_rel\">\n                        <div  data-lazy=\"1\" class=\"module_column tb-column col-full tb_44ze005 first\">\n                    <!-- module text -->\n<div  class=\"module module-text tb_fbh8590    wow\" data-tf-animation=\"fadeInUp\" data-lazy=\"1\">\n        <div  class=\"tb_text_wrap\">\n        <h1>Om Oss<\/h1>    <\/div>\n<\/div>\n<!-- \/module text -->        <\/div>\n                        <\/div>\n        <\/div>\n                        <div  data-lazy=\"1\" class=\"module_row themify_builder_row tb_796h611 tf_w\">\n                        <div class=\"row_inner col_align_middle tb_col_count_2 tf_box tf_rel\">\n                        <div  data-lazy=\"1\" class=\"module_column tb-column col4-2 tb_zzap039 first\">\n                    <!-- module image -->\n<div  class=\"module module-image tb_rmwp066 image-center   tf_mw wow\" data-tf-animation=\"fadeInLeft\" data-lazy=\"1\">\n        <div class=\"image-wrap tf_rel tf_mw\">\n            <img loading=\"lazy\" decoding=\"async\" src=\"https:\/\/advokatemelyjelic.com\/wp-content\/uploads\/2025\/06\/1-scaled-1-684x1024-500x748.jpg\" width=\"500\" height=\"748\" class=\"wp-post-image wp-image-15710\" title=\"1-scaled\" alt=\"1-scaled\" srcset=\"https:\/\/advokatemelyjelic.com\/wp-content\/uploads\/2025\/06\/1-scaled-1-684x1024-500x748.jpg 500w, https:\/\/advokatemelyjelic.com\/wp-content\/uploads\/2025\/06\/1-scaled-1-200x300.jpg 200w, https:\/\/advokatemelyjelic.com\/wp-content\/uploads\/2025\/06\/1-scaled-1-684x1024.jpg 684w, https:\/\/advokatemelyjelic.com\/wp-content\/uploads\/2025\/06\/1-scaled-1-768x1150.jpg 768w, https:\/\/advokatemelyjelic.com\/wp-content\/uploads\/2025\/06\/1-scaled-1-1025x1536.jpg 1025w, https:\/\/advokatemelyjelic.com\/wp-content\/uploads\/2025\/06\/1-scaled-1-1367x2048.jpg 1367w, https:\/\/advokatemelyjelic.com\/wp-content\/uploads\/2025\/06\/1-scaled-1.jpg 1709w\" sizes=\"auto, (max-width: 500px) 100vw, 500px\" \/>    \n        <\/div>\n    <!-- \/image-wrap -->\n    \n        <\/div>\n<!-- \/module image -->        <\/div>\n                    <div  data-lazy=\"1\" class=\"module_column tb-column col4-2 tb_amdm056 last\">\n                    <!-- module text -->\n<div  class=\"module module-text tb_lqna766    wow\" data-tf-animation=\"fadeInRight\" data-lazy=\"1\">\n        <div  class=\"tb_text_wrap\">\n        <h2>Patricia Emely Jelic<\/h2>\n<p><strong>Spansk Advokat<\/strong><\/p>\n<p>Verksamheten drivs av Emely Jelic, som har erfarenhet av att arbeta med juridiska fr\u00e5gor med anknytning till Spanien.<\/p>\n<p>Emely Jelic \u00e4r f\u00f6dd och uppvuxen i Sverige. Hon \u00e4r en svensk- och spansktalande advokat med en juristexamen fr\u00e5n fakulteten i M\u00e1laga, hon avslutade sin masterutbildning vid universitetet i M\u00e1laga. F\u00f6r n\u00e4rvarande praktiserar hon som kollegial advokatmedlem vid advokatsamfundet i M\u00e1laga, med medlemsnummer 10515.<\/p>\n<p>Emely Jelic har tidigare erfarenhet fr\u00e5n olika r\u00e4ttsomr\u00e5den, s\u00e5som fastighetsr\u00e4tt, aff\u00e4rsjuridik, arvsr\u00e4tt osv.<\/p>\n<p>Byr\u00e5n samarbetar med advokater med l\u00e5ng erfarenhet av juridiska tj\u00e4nster f\u00f6r att hj\u00e4lpa b\u00e5de internationella och nationella klienter. Med v\u00e5r erfarenhet kan vi ge dig juridisk r\u00e5dgivning inom olika omr\u00e5den, t.ex. processr\u00e4tt, civilr\u00e4tt, handelsr\u00e4tt, stadsplaneringsr\u00e4tt, straffr\u00e4tt osv.<\/p>\n<p><strong>Spr\u00e5k<\/strong><\/p>\n<p>Svenska, engelska, spanska, ryska, ukrainska, tyska, franska arabiska och polska.<\/p>    <\/div>\n<\/div>\n<!-- \/module text -->        <\/div>\n                        <\/div>\n        <\/div>\n                        <div  data-lazy=\"1\" class=\"module_row themify_builder_row tb_76u6860 tf_w\">\n                        <div class=\"row_inner col_align_middle tb_col_count_2 tf_box tf_rel\">\n                        <div  data-lazy=\"1\" class=\"module_column tb-column col4-2 tb_72dl661 first\">\n                    <!-- module text -->\n<div  class=\"module module-text tb_pihg061    wow\" data-tf-animation=\"fadeInLeft\" data-lazy=\"1\">\n        <div  class=\"tb_text_wrap\">\n        <h2>V\u00e5ra V\u00e4rderingar<\/h2><p>P\u00e5 v\u00e5r advokatbyr\u00e5 har vi \u00e5tagit oss att ge v\u00e5ra klienter exceptionella juridiska tj\u00e4nster som prioriterar deras behov och intressen. Med en djup f\u00f6rst\u00e5else f\u00f6r Costa del Sols fastighetsr\u00e4tt erbjuder v\u00e5ra skickliga advokater expertr\u00e5dgivning och st\u00f6d som \u00e4r skr\u00e4ddarsytt f\u00f6r varje klients unika situation.<\/p><p>Vi v\u00e4rdes\u00e4tter \u00e4rlighet, integritet och professionalism och str\u00e4var efter att leverera juridisk service av h\u00f6gsta standard med en personlig touch. V\u00e5ra klienters tillfredsst\u00e4llelse \u00e4r v\u00e5r h\u00f6gsta prioritet, och vi \u00e4r dedikerade till att uppn\u00e5 framg\u00e5ngsrika resultat f\u00f6r dem. Kontakta oss idag f\u00f6r att uppleva skillnaden som v\u00e5ra v\u00e4rderingar kan g\u00f6ra f\u00f6r dina fastighetsbehov p\u00e5 Costa del Sol.<\/p><p>\u00a0<\/p>    <\/div>\n<\/div>\n<!-- \/module text -->        <\/div>\n                    <div  data-lazy=\"1\" class=\"module_column tb-column col4-2 tb_re7r209 last\">\n                    <!-- module image -->\n<div  class=\"module module-image tb_6f29396 image-top   tf_mw wow\" data-tf-animation=\"fadeInRight\" data-lazy=\"1\">\n        <div class=\"image-wrap tf_rel tf_mw\">\n            <img loading=\"lazy\" decoding=\"async\" src=\"https:\/\/advokatemelyjelic.com\/wp-content\/uploads\/2016\/09\/PeopleImages.com-ID376521-1024x683-540x360.jpg\" width=\"540\" height=\"360\" class=\"wp-post-image wp-image-360\" title=\"PeopleImages.com-ID376521\" alt=\"PeopleImages.com-ID376521\" srcset=\"https:\/\/advokatemelyjelic.com\/wp-content\/uploads\/2016\/09\/PeopleImages.com-ID376521-1024x683-540x360.jpg 540w, https:\/\/advokatemelyjelic.com\/wp-content\/uploads\/2016\/09\/PeopleImages.com-ID376521-300x200.jpg 300w, https:\/\/advokatemelyjelic.com\/wp-content\/uploads\/2016\/09\/PeopleImages.com-ID376521-1024x683.jpg 1024w, https:\/\/advokatemelyjelic.com\/wp-content\/uploads\/2016\/09\/PeopleImages.com-ID376521-768x512.jpg 768w, https:\/\/advokatemelyjelic.com\/wp-content\/uploads\/2016\/09\/PeopleImages.com-ID376521-1536x1024.jpg 1536w, https:\/\/advokatemelyjelic.com\/wp-content\/uploads\/2016\/09\/PeopleImages.com-ID376521.jpg 1689w\" sizes=\"auto, (max-width: 540px) 100vw, 540px\" \/>    \n        <\/div>\n    <!-- \/image-wrap -->\n    \n        <\/div>\n<!-- \/module image -->        <\/div>\n                        <\/div>\n        <\/div>\n                        <div  data-lazy=\"1\" class=\"module_row themify_builder_row tb_ynhj680 tf_w\">\n                        <div class=\"row_inner col_align_top tb_col_count_1 tf_box tf_rel\">\n                        <div  data-lazy=\"1\" class=\"module_column tb-column col-full tb_4bdg999 first\">\n                    <!-- module text -->\n<div  class=\"module module-text tb_oesd932    wow\" data-tf-animation=\"fadeInUp\" data-lazy=\"1\">\n        <div  class=\"tb_text_wrap\">\n        <h2>Kontakta oss idag<\/h2>    <\/div>\n<\/div>\n<!-- \/module text --><!-- module buttons -->\n<div  class=\"module module-buttons tb_ik83960 buttons-horizontal solid  large wow\" data-tf-animation=\"fadeInLeft\" data-lazy=\"1\">\n        <div class=\"module-buttons-item tf_in_flx\">\n                        <a href=\"https:\/\/advokatemelyjelic.com\/sv\/kontakta-oss\" class=\"ui builder_button tf_in_flx blue\" >\n                                                Kontakta oss                                        <\/a>\n                <\/div>\n            <\/div>\n<!-- \/module buttons -->\n        <div  data-lazy=\"1\" class=\"module_subrow themify_builder_sub_row tf_w col_align_top tb_col_count_1 tb_zaxw600\">\n                <div  data-lazy=\"1\" class=\"module_column sub_column col-full tb_01p4606 first\">\n                            <\/div>\n                    <\/div>\n                <\/div>\n                        <\/div>\n        <\/div>\n        <\/div>\n<!--\/themify_builder_content-->","protected":false},"excerpt":{"rendered":"<p>Om Oss Patricia Emely Jelic Spansk Advokat Verksamheten drivs av Emely Jelic, som har erfarenhet av att arbeta med juridiska fr\u00e5gor med anknytning till Spanien. Emely Jelic \u00e4r f\u00f6dd och uppvuxen i Sverige. Hon \u00e4r en svensk- och spansktalande advokat med en juristexamen fr\u00e5n fakulteten i M\u00e1laga, hon avslutade sin masterutbildning vid universitetet i M\u00e1laga. [&hellip;]<\/p>\n","protected":false},"author":1,"featured_media":0,"parent":0,"menu_order":0,"comment_status":"closed","ping_status":"closed","template":"","meta":{"footnotes":""},"class_list":["post-795","page","type-page","status-publish","hentry","has-post-title","has-post-date","has-post-category","has-post-tag","has-post-comment","has-post-author",""],"yoast_head":"<!-- This site is optimized with the Yoast SEO plugin v26.4 - https:\/\/yoast.com\/wordpress\/plugins\/seo\/ -->\n<title>Om Oss &#8226; Advokatfirman Emely Jelic<\/title>\n<meta name=\"description\" content=\"Svensk- och spansktalande advokat med juristexamen fr\u00e5n M\u00e1laga. Expert p\u00e5 fastighetsr\u00e4tt, egendomsr\u00e4tt och arvsr\u00e4tt. Flerspr\u00e5kigt juridiskt st\u00f6d.\" \/>\n<meta name=\"robots\" content=\"index, follow, max-snippet:-1, max-image-preview:large, max-video-preview:-1\" \/>\n<link rel=\"canonical\" href=\"https:\/\/advokatemelyjelic.com\/sv\/om-oss\/\" \/>\n<meta property=\"og:locale\" content=\"sv_SE\" \/>\n<meta property=\"og:type\" content=\"article\" \/>\n<meta property=\"og:title\" content=\"Om Oss &#8226; Advokatfirman Emely Jelic\" \/>\n<meta property=\"og:description\" content=\"Svensk- och spansktalande advokat med juristexamen fr\u00e5n M\u00e1laga. Expert p\u00e5 fastighetsr\u00e4tt, egendomsr\u00e4tt och arvsr\u00e4tt. Flerspr\u00e5kigt juridiskt st\u00f6d.\" \/>\n<meta property=\"og:url\" content=\"https:\/\/advokatemelyjelic.com\/sv\/om-oss\/\" \/>\n<meta property=\"og:site_name\" content=\"Advokatfirman Emely Jelic\" \/>\n<meta property=\"article:publisher\" content=\"https:\/\/www.facebook.com\/AdvokatEmelyJelic\" \/>\n<meta property=\"article:modified_time\" content=\"2025-06-29T15:39:13+00:00\" \/>\n<meta property=\"og:image\" content=\"https:\/\/advokatemelyjelic.com\/wp-content\/uploads\/2025\/06\/1-scaled-1.jpg\" \/>\n\t<meta property=\"og:image:width\" content=\"1709\" \/>\n\t<meta property=\"og:image:height\" content=\"2560\" \/>\n\t<meta property=\"og:image:type\" content=\"image\/jpeg\" \/>\n<meta name=\"twitter:card\" content=\"summary_large_image\" \/>\n<meta name=\"twitter:label1\" content=\"Ber\u00e4knad l\u00e4stid\" \/>\n\t<meta name=\"twitter:data1\" content=\"2 minuter\" \/>\n<script type=\"application\/ld+json\" class=\"yoast-schema-graph\">{\"@context\":\"https:\/\/schema.org\",\"@graph\":[{\"@type\":\"WebPage\",\"@id\":\"https:\/\/advokatemelyjelic.com\/sv\/om-oss\/\",\"url\":\"https:\/\/advokatemelyjelic.com\/sv\/om-oss\/\",\"name\":\"Om Oss &#8226; Advokatfirman Emely Jelic\",\"isPartOf\":{\"@id\":\"https:\/\/advokatemelyjelic.com\/sv\/#website\"},\"primaryImageOfPage\":{\"@id\":\"https:\/\/advokatemelyjelic.com\/sv\/om-oss\/#primaryimage\"},\"image\":{\"@id\":\"https:\/\/advokatemelyjelic.com\/sv\/om-oss\/#primaryimage\"},\"thumbnailUrl\":\"https:\/\/advokatemelyjelic.com\/wp-content\/uploads\/2025\/06\/1-scaled-1-684x1024-500x748.jpg\",\"datePublished\":\"2016-12-28T04:24:23+00:00\",\"dateModified\":\"2025-06-29T15:39:13+00:00\",\"description\":\"Svensk- och spansktalande advokat med juristexamen fr\u00e5n M\u00e1laga. Expert p\u00e5 fastighetsr\u00e4tt, egendomsr\u00e4tt och arvsr\u00e4tt. Flerspr\u00e5kigt juridiskt st\u00f6d.\",\"breadcrumb\":{\"@id\":\"https:\/\/advokatemelyjelic.com\/sv\/om-oss\/#breadcrumb\"},\"inLanguage\":\"sv-SE\",\"potentialAction\":[{\"@type\":\"ReadAction\",\"target\":[\"https:\/\/advokatemelyjelic.com\/sv\/om-oss\/\"]}]},{\"@type\":\"ImageObject\",\"inLanguage\":\"sv-SE\",\"@id\":\"https:\/\/advokatemelyjelic.com\/sv\/om-oss\/#primaryimage\",\"url\":\"https:\/\/advokatemelyjelic.com\/wp-content\/uploads\/2025\/06\/1-scaled-1-684x1024-500x748.jpg\",\"contentUrl\":\"https:\/\/advokatemelyjelic.com\/wp-content\/uploads\/2025\/06\/1-scaled-1-684x1024-500x748.jpg\"},{\"@type\":\"BreadcrumbList\",\"@id\":\"https:\/\/advokatemelyjelic.com\/sv\/om-oss\/#breadcrumb\",\"itemListElement\":[{\"@type\":\"ListItem\",\"position\":1,\"name\":\"Home\",\"item\":\"https:\/\/advokatemelyjelic.com\/sv\/\"},{\"@type\":\"ListItem\",\"position\":2,\"name\":\"Om Oss\"}]},{\"@type\":\"WebSite\",\"@id\":\"https:\/\/advokatemelyjelic.com\/sv\/#website\",\"url\":\"https:\/\/advokatemelyjelic.com\/sv\/\",\"name\":\"Advokatfirman Emely Jelic\",\"description\":\"\",\"publisher\":{\"@id\":\"https:\/\/advokatemelyjelic.com\/sv\/#organization\"},\"alternateName\":\"Advokat Emely Jelic\",\"potentialAction\":[{\"@type\":\"SearchAction\",\"target\":{\"@type\":\"EntryPoint\",\"urlTemplate\":\"https:\/\/advokatemelyjelic.com\/sv\/?s={search_term_string}\"},\"query-input\":{\"@type\":\"PropertyValueSpecification\",\"valueRequired\":true,\"valueName\":\"search_term_string\"}}],\"inLanguage\":\"sv-SE\"},{\"@type\":\"Organization\",\"@id\":\"https:\/\/advokatemelyjelic.com\/sv\/#organization\",\"name\":\"Advokatfirman Emely Jelic\",\"alternateName\":\"Advokat Emely Jelic\",\"url\":\"https:\/\/advokatemelyjelic.com\/sv\/\",\"logo\":{\"@type\":\"ImageObject\",\"inLanguage\":\"sv-SE\",\"@id\":\"https:\/\/advokatemelyjelic.com\/sv\/#\/schema\/logo\/image\/\",\"url\":\"https:\/\/advokatemelyjelic.com\/wp-content\/uploads\/2023\/04\/Logga-Advokatfirman-Emely-Jelic.png\",\"contentUrl\":\"https:\/\/advokatemelyjelic.com\/wp-content\/uploads\/2023\/04\/Logga-Advokatfirman-Emely-Jelic.png\",\"width\":468,\"height\":87,\"caption\":\"Advokatfirman Emely Jelic\"},\"image\":{\"@id\":\"https:\/\/advokatemelyjelic.com\/sv\/#\/schema\/logo\/image\/\"},\"sameAs\":[\"https:\/\/www.facebook.com\/AdvokatEmelyJelic\",\"https:\/\/www.instagram.com\/emely_jelic\/\"]}]}<\/script>\n<!-- \/ Yoast SEO plugin. -->","yoast_head_json":{"title":"Om Oss &#8226; Advokatfirman Emely Jelic","description":"Svensk- och spansktalande advokat med juristexamen fr\u00e5n M\u00e1laga. Expert p\u00e5 fastighetsr\u00e4tt, egendomsr\u00e4tt och arvsr\u00e4tt. Flerspr\u00e5kigt juridiskt st\u00f6d.","robots":{"index":"index","follow":"follow","max-snippet":"max-snippet:-1","max-image-preview":"max-image-preview:large","max-video-preview":"max-video-preview:-1"},"canonical":"https:\/\/advokatemelyjelic.com\/sv\/om-oss\/","og_locale":"sv_SE","og_type":"article","og_title":"Om Oss &#8226; Advokatfirman Emely Jelic","og_description":"Svensk- och spansktalande advokat med juristexamen fr\u00e5n M\u00e1laga. Expert p\u00e5 fastighetsr\u00e4tt, egendomsr\u00e4tt och arvsr\u00e4tt. Flerspr\u00e5kigt juridiskt st\u00f6d.","og_url":"https:\/\/advokatemelyjelic.com\/sv\/om-oss\/","og_site_name":"Advokatfirman Emely Jelic","article_publisher":"https:\/\/www.facebook.com\/AdvokatEmelyJelic","article_modified_time":"2025-06-29T15:39:13+00:00","og_image":[{"width":1709,"height":2560,"url":"https:\/\/advokatemelyjelic.com\/wp-content\/uploads\/2025\/06\/1-scaled-1.jpg","type":"image\/jpeg"}],"twitter_card":"summary_large_image","twitter_misc":{"Ber\u00e4knad l\u00e4stid":"2 minuter"},"schema":{"@context":"https:\/\/schema.org","@graph":[{"@type":"WebPage","@id":"https:\/\/advokatemelyjelic.com\/sv\/om-oss\/","url":"https:\/\/advokatemelyjelic.com\/sv\/om-oss\/","name":"Om Oss &#8226; Advokatfirman Emely Jelic","isPartOf":{"@id":"https:\/\/advokatemelyjelic.com\/sv\/#website"},"primaryImageOfPage":{"@id":"https:\/\/advokatemelyjelic.com\/sv\/om-oss\/#primaryimage"},"image":{"@id":"https:\/\/advokatemelyjelic.com\/sv\/om-oss\/#primaryimage"},"thumbnailUrl":"https:\/\/advokatemelyjelic.com\/wp-content\/uploads\/2025\/06\/1-scaled-1-684x1024-500x748.jpg","datePublished":"2016-12-28T04:24:23+00:00","dateModified":"2025-06-29T15:39:13+00:00","description":"Svensk- och spansktalande advokat med juristexamen fr\u00e5n M\u00e1laga. Expert p\u00e5 fastighetsr\u00e4tt, egendomsr\u00e4tt och arvsr\u00e4tt. Flerspr\u00e5kigt juridiskt st\u00f6d.","breadcrumb":{"@id":"https:\/\/advokatemelyjelic.com\/sv\/om-oss\/#breadcrumb"},"inLanguage":"sv-SE","potentialAction":[{"@type":"ReadAction","target":["https:\/\/advokatemelyjelic.com\/sv\/om-oss\/"]}]},{"@type":"ImageObject","inLanguage":"sv-SE","@id":"https:\/\/advokatemelyjelic.com\/sv\/om-oss\/#primaryimage","url":"https:\/\/advokatemelyjelic.com\/wp-content\/uploads\/2025\/06\/1-scaled-1-684x1024-500x748.jpg","contentUrl":"https:\/\/advokatemelyjelic.com\/wp-content\/uploads\/2025\/06\/1-scaled-1-684x1024-500x748.jpg"},{"@type":"BreadcrumbList","@id":"https:\/\/advokatemelyjelic.com\/sv\/om-oss\/#breadcrumb","itemListElement":[{"@type":"ListItem","position":1,"name":"Home","item":"https:\/\/advokatemelyjelic.com\/sv\/"},{"@type":"ListItem","position":2,"name":"Om Oss"}]},{"@type":"WebSite","@id":"https:\/\/advokatemelyjelic.com\/sv\/#website","url":"https:\/\/advokatemelyjelic.com\/sv\/","name":"Advokatfirman Emely Jelic","description":"","publisher":{"@id":"https:\/\/advokatemelyjelic.com\/sv\/#organization"},"alternateName":"Advokat Emely Jelic","potentialAction":[{"@type":"SearchAction","target":{"@type":"EntryPoint","urlTemplate":"https:\/\/advokatemelyjelic.com\/sv\/?s={search_term_string}"},"query-input":{"@type":"PropertyValueSpecification","valueRequired":true,"valueName":"search_term_string"}}],"inLanguage":"sv-SE"},{"@type":"Organization","@id":"https:\/\/advokatemelyjelic.com\/sv\/#organization","name":"Advokatfirman Emely Jelic","alternateName":"Advokat Emely Jelic","url":"https:\/\/advokatemelyjelic.com\/sv\/","logo":{"@type":"ImageObject","inLanguage":"sv-SE","@id":"https:\/\/advokatemelyjelic.com\/sv\/#\/schema\/logo\/image\/","url":"https:\/\/advokatemelyjelic.com\/wp-content\/uploads\/2023\/04\/Logga-Advokatfirman-Emely-Jelic.png","contentUrl":"https:\/\/advokatemelyjelic.com\/wp-content\/uploads\/2023\/04\/Logga-Advokatfirman-Emely-Jelic.png","width":468,"height":87,"caption":"Advokatfirman Emely Jelic"},"image":{"@id":"https:\/\/advokatemelyjelic.com\/sv\/#\/schema\/logo\/image\/"},"sameAs":["https:\/\/www.facebook.com\/AdvokatEmelyJelic","https:\/\/www.instagram.com\/emely_jelic\/"]}]}},"_links":{"self":[{"href":"https:\/\/advokatemelyjelic.com\/sv\/wp-json\/wp\/v2\/pages\/795","targetHints":{"allow":["GET"]}}],"collection":[{"href":"https:\/\/advokatemelyjelic.com\/sv\/wp-json\/wp\/v2\/pages"}],"about":[{"href":"https:\/\/advokatemelyjelic.com\/sv\/wp-json\/wp\/v2\/types\/page"}],"author":[{"embeddable":true,"href":"https:\/\/advokatemelyjelic.com\/sv\/wp-json\/wp\/v2\/users\/1"}],"replies":[{"embeddable":true,"href":"https:\/\/advokatemelyjelic.com\/sv\/wp-json\/wp\/v2\/comments?post=795"}],"version-history":[{"count":14,"href":"https:\/\/advokatemelyjelic.com\/sv\/wp-json\/wp\/v2\/pages\/795\/revisions"}],"predecessor-version":[{"id":15718,"href":"https:\/\/advokatemelyjelic.com\/sv\/wp-json\/wp\/v2\/pages\/795\/revisions\/15718"}],"wp:attachment":[{"href":"https:\/\/advokatemelyjelic.com\/sv\/wp-json\/wp\/v2\/media?parent=795"}],"curies":[{"name":"wp","href":"https:\/\/api.w.org\/{rel}","templated":true}]}}