{"id":997,"date":"2023-04-29T17:59:31","date_gmt":"2023-04-29T15:59:31","guid":{"rendered":"https:\/\/advokatemelyjelic.com\/privacy-policy\/"},"modified":"2023-05-17T22:51:59","modified_gmt":"2023-05-17T22:51:59","slug":"integritetspolicy","status":"publish","type":"page","link":"https:\/\/advokatemelyjelic.com\/sv\/integritetspolicy\/","title":{"rendered":"Integritetspolicy f\u00f6r advokaten Emely Jelic"},"content":{"rendered":"<p>Advokatfirman Emely Jelic har \u00e5tagit sig att skydda v\u00e5ra kunders och webbplatsbes\u00f6kares integritet och konfidentialitet. Denna sekretesspolicy beskriver hur vi samlar in, anv\u00e4nder, avsl\u00f6jar och skyddar dina personuppgifter i enlighet med den allm\u00e4nna dataskyddsf\u00f6rordningen (GDPR).<\/p>\n<ol>\n<li><strong>Insamling av personlig information:<\/strong> Vi kan samla in personlig information fr\u00e5n dig n\u00e4r du frivilligt l\u00e4mnar den till oss via v\u00e5ra kontaktformul\u00e4r, e-postkommunikation eller under konsultationer. De typer av personuppgifter som vi kan samla in \u00e4r ditt namn, kontaktuppgifter (t.ex. e-postadress och telefonnummer) och andra uppgifter som du l\u00e4mnar till oss.<\/li>\n<li><strong>Anv\u00e4ndning av personlig information:<\/strong> Vi anv\u00e4nder den personliga information vi samlar in f\u00f6r f\u00f6ljande \u00e4ndam\u00e5l:<br \/>\n&#8211; F\u00f6r att svara p\u00e5 dina f\u00f6rfr\u00e5gningar och tillhandah\u00e5lla juridiska tj\u00e4nster som du beg\u00e4r.<br \/>\n&#8211; F\u00f6r att kommunicera med dig om dina juridiska fr\u00e5gor.<br \/>\n&#8211; F\u00f6r att uppfylla v\u00e5ra r\u00e4ttsliga och regulatoriska skyldigheter.<\/li>\n<li><strong>R\u00e4ttslig grund f\u00f6r behandling:<\/strong> Vi kommer endast att behandla dina personuppgifter n\u00e4r vi har en laglig grund f\u00f6r att g\u00f6ra det. Detta kan inkludera ditt samtycke, n\u00f6dv\u00e4ndigheten av behandling f\u00f6r att fullg\u00f6ra ett avtal, efterlevnad av r\u00e4ttsliga skyldigheter eller legitima intressen som vi efterstr\u00e4var.<\/li>\n<li><strong>Delning av personuppgifter:<\/strong> Vi kan komma att l\u00e4mna ut dina personuppgifter till tredje part, t.ex. andra jurister, om det \u00e4r n\u00f6dv\u00e4ndigt f\u00f6r att tillhandah\u00e5lla dig de beg\u00e4rda juridiska tj\u00e4nsterna eller om det kr\u00e4vs enligt lag. Vi kommer att se till att alla tredje parter som vi delar dina personuppgifter med ocks\u00e5 uppr\u00e4tth\u00e5ller adekvata dataskyddsgarantier.<\/li>\n<li><strong>Lagring av uppgifter:<\/strong> Vi kommer att beh\u00e5lla dina personuppgifter s\u00e5 l\u00e4nge som det \u00e4r n\u00f6dv\u00e4ndigt f\u00f6r att uppfylla de syften f\u00f6r vilka de samlades in, inklusive r\u00e4ttsliga, bokf\u00f6ringsm\u00e4ssiga eller rapporteringsm\u00e4ssiga krav. N\u00e4r de inte l\u00e4ngre beh\u00f6vs kommer vi att p\u00e5 ett s\u00e4kert s\u00e4tt g\u00f6ra oss av med eller anonymisera dina personuppgifter.<\/li>\n<li><strong>Datas\u00e4kerhet:<\/strong> Vi har inf\u00f6rt l\u00e4mpliga tekniska och organisatoriska \u00e5tg\u00e4rder f\u00f6r att skydda dina personuppgifter fr\u00e5n obeh\u00f6rig \u00e5tkomst, f\u00f6rlust eller missbruk. Observera dock att ingen \u00f6verf\u00f6ringsmetod \u00f6ver internet eller elektronisk lagring \u00e4r helt s\u00e4ker, och vi kan inte garantera absolut s\u00e4kerhet.<\/li>\n<li><strong>Dina r\u00e4ttigheter:<\/strong> Du har vissa r\u00e4ttigheter n\u00e4r det g\u00e4ller dina personuppgifter, inklusive r\u00e4tten att f\u00e5 tillg\u00e5ng till, korrigera, uppdatera eller radera dina personuppgifter. Du kan ocks\u00e5 ha r\u00e4tt att begr\u00e4nsa eller inv\u00e4nda mot behandlingen av dina personuppgifter. Om du vill ut\u00f6va dessa r\u00e4ttigheter eller fr\u00e5ga om de personuppgifter som vi har om dig, v\u00e4nligen kontakta oss p\u00e5 nedanst\u00e5ende adress.<\/li>\n<li><strong>Uppdateringar av denna integritetspolicy:<\/strong> Vi kan komma att uppdatera denna integritetspolicy fr\u00e5n tid till annan f\u00f6r att \u00e5terspegla f\u00f6r\u00e4ndringar i v\u00e5r praxis eller r\u00e4ttsliga skyldigheter. Vi uppmuntrar dig att regelbundet granska denna integritetspolicy f\u00f6r att se om den har uppdaterats.<\/li>\n<\/ol>\n<p>Om du har n\u00e5gra fr\u00e5gor eller funderingar om denna integritetspolicy eller v\u00e5ra metoder f\u00f6r databehandling, v\u00e4nligen kontakta oss via f\u00f6ljande uppgifter:<\/p>\n<p><strong>Adress<\/strong><br \/>\n<a href=\"mailto:emely.jelic@gmail.com\">C. Copo, 3S, 29670 San Pedro de Alc\u00e1ntara, M\u00e1laga<\/a><\/p>\n<p><strong>E-Mail<\/strong><br \/>\n<a href=\"mailto:emely@advokatemelyjelic.com\">emely@advokatemelyjelic.com<\/a><\/p>\n<p><strong>Tel:<\/strong> <a href=\"tel:+34666043491\">+34 666 04 34 91<\/a><\/p>\n","protected":false},"excerpt":{"rendered":"<p>Advokatfirman Emely Jelic har \u00e5tagit sig att skydda v\u00e5ra kunders och webbplatsbes\u00f6kares integritet och konfidentialitet. Denna sekretesspolicy beskriver hur vi samlar in, anv\u00e4nder, avsl\u00f6jar och skyddar dina personuppgifter i enlighet med den allm\u00e4nna dataskyddsf\u00f6rordningen (GDPR). Insamling av personlig information: Vi kan samla in personlig information fr\u00e5n dig n\u00e4r du frivilligt l\u00e4mnar den till oss via [&hellip;]<\/p>\n","protected":false},"author":1,"featured_media":0,"parent":0,"menu_order":0,"comment_status":"closed","ping_status":"open","template":"","meta":{"footnotes":""},"class_list":["post-997","page","type-page","status-publish","hentry","has-post-title","has-post-date","has-post-category","has-post-tag","has-post-comment","has-post-author",""],"yoast_head":"<!-- This site is optimized with the Yoast SEO plugin v26.4 - https:\/\/yoast.com\/wordpress\/plugins\/seo\/ -->\n<title>Integritetspolicy f\u00f6r advokaten Emely Jelic &#8226; Advokatfirman Emely Jelic<\/title>\n<meta name=\"robots\" content=\"index, follow, max-snippet:-1, max-image-preview:large, max-video-preview:-1\" \/>\n<link rel=\"canonical\" href=\"https:\/\/advokatemelyjelic.com\/sv\/integritetspolicy\/\" \/>\n<meta property=\"og:locale\" content=\"sv_SE\" \/>\n<meta property=\"og:type\" content=\"article\" \/>\n<meta property=\"og:title\" content=\"Integritetspolicy f\u00f6r advokaten Emely Jelic &#8226; Advokatfirman Emely Jelic\" \/>\n<meta property=\"og:description\" content=\"Advokatfirman Emely Jelic har \u00e5tagit sig att skydda v\u00e5ra kunders och webbplatsbes\u00f6kares integritet och konfidentialitet. Denna sekretesspolicy beskriver hur vi samlar in, anv\u00e4nder, avsl\u00f6jar och skyddar dina personuppgifter i enlighet med den allm\u00e4nna dataskyddsf\u00f6rordningen (GDPR). Insamling av personlig information: Vi kan samla in personlig information fr\u00e5n dig n\u00e4r du frivilligt l\u00e4mnar den till oss via [&hellip;]\" \/>\n<meta property=\"og:url\" content=\"https:\/\/advokatemelyjelic.com\/sv\/integritetspolicy\/\" \/>\n<meta property=\"og:site_name\" content=\"Advokatfirman Emely Jelic\" \/>\n<meta property=\"article:publisher\" content=\"https:\/\/www.facebook.com\/AdvokatEmelyJelic\" \/>\n<meta property=\"article:modified_time\" content=\"2023-05-17T22:51:59+00:00\" \/>\n<meta property=\"og:image\" content=\"https:\/\/advokatemelyjelic.com\/wp-content\/uploads\/2023\/04\/Perfil-fb.jpg\" \/>\n\t<meta property=\"og:image:width\" content=\"820\" \/>\n\t<meta property=\"og:image:height\" content=\"398\" \/>\n\t<meta property=\"og:image:type\" content=\"image\/jpeg\" \/>\n<meta name=\"twitter:card\" content=\"summary_large_image\" \/>\n<meta name=\"twitter:label1\" content=\"Ber\u00e4knad l\u00e4stid\" \/>\n\t<meta name=\"twitter:data1\" content=\"3 minuter\" \/>\n<script type=\"application\/ld+json\" class=\"yoast-schema-graph\">{\"@context\":\"https:\/\/schema.org\",\"@graph\":[{\"@type\":\"WebPage\",\"@id\":\"https:\/\/advokatemelyjelic.com\/sv\/integritetspolicy\/\",\"url\":\"https:\/\/advokatemelyjelic.com\/sv\/integritetspolicy\/\",\"name\":\"Integritetspolicy f\u00f6r advokaten Emely Jelic &#8226; Advokatfirman Emely Jelic\",\"isPartOf\":{\"@id\":\"https:\/\/advokatemelyjelic.com\/sv\/#website\"},\"datePublished\":\"2023-04-29T15:59:31+00:00\",\"dateModified\":\"2023-05-17T22:51:59+00:00\",\"breadcrumb\":{\"@id\":\"https:\/\/advokatemelyjelic.com\/sv\/integritetspolicy\/#breadcrumb\"},\"inLanguage\":\"sv-SE\",\"potentialAction\":[{\"@type\":\"ReadAction\",\"target\":[\"https:\/\/advokatemelyjelic.com\/sv\/integritetspolicy\/\"]}]},{\"@type\":\"BreadcrumbList\",\"@id\":\"https:\/\/advokatemelyjelic.com\/sv\/integritetspolicy\/#breadcrumb\",\"itemListElement\":[{\"@type\":\"ListItem\",\"position\":1,\"name\":\"Home\",\"item\":\"https:\/\/advokatemelyjelic.com\/sv\/\"},{\"@type\":\"ListItem\",\"position\":2,\"name\":\"Integritetspolicy f\u00f6r advokaten Emely Jelic\"}]},{\"@type\":\"WebSite\",\"@id\":\"https:\/\/advokatemelyjelic.com\/sv\/#website\",\"url\":\"https:\/\/advokatemelyjelic.com\/sv\/\",\"name\":\"Advokatfirman Emely Jelic\",\"description\":\"\",\"publisher\":{\"@id\":\"https:\/\/advokatemelyjelic.com\/sv\/#organization\"},\"alternateName\":\"Advokat Emely Jelic\",\"potentialAction\":[{\"@type\":\"SearchAction\",\"target\":{\"@type\":\"EntryPoint\",\"urlTemplate\":\"https:\/\/advokatemelyjelic.com\/sv\/?s={search_term_string}\"},\"query-input\":{\"@type\":\"PropertyValueSpecification\",\"valueRequired\":true,\"valueName\":\"search_term_string\"}}],\"inLanguage\":\"sv-SE\"},{\"@type\":\"Organization\",\"@id\":\"https:\/\/advokatemelyjelic.com\/sv\/#organization\",\"name\":\"Advokatfirman Emely Jelic\",\"alternateName\":\"Advokat Emely Jelic\",\"url\":\"https:\/\/advokatemelyjelic.com\/sv\/\",\"logo\":{\"@type\":\"ImageObject\",\"inLanguage\":\"sv-SE\",\"@id\":\"https:\/\/advokatemelyjelic.com\/sv\/#\/schema\/logo\/image\/\",\"url\":\"https:\/\/advokatemelyjelic.com\/wp-content\/uploads\/2023\/04\/Logga-Advokatfirman-Emely-Jelic.png\",\"contentUrl\":\"https:\/\/advokatemelyjelic.com\/wp-content\/uploads\/2023\/04\/Logga-Advokatfirman-Emely-Jelic.png\",\"width\":468,\"height\":87,\"caption\":\"Advokatfirman Emely Jelic\"},\"image\":{\"@id\":\"https:\/\/advokatemelyjelic.com\/sv\/#\/schema\/logo\/image\/\"},\"sameAs\":[\"https:\/\/www.facebook.com\/AdvokatEmelyJelic\",\"https:\/\/www.instagram.com\/emely_jelic\/\"]}]}<\/script>\n<!-- \/ Yoast SEO plugin. -->","yoast_head_json":{"title":"Integritetspolicy f\u00f6r advokaten Emely Jelic &#8226; Advokatfirman Emely Jelic","robots":{"index":"index","follow":"follow","max-snippet":"max-snippet:-1","max-image-preview":"max-image-preview:large","max-video-preview":"max-video-preview:-1"},"canonical":"https:\/\/advokatemelyjelic.com\/sv\/integritetspolicy\/","og_locale":"sv_SE","og_type":"article","og_title":"Integritetspolicy f\u00f6r advokaten Emely Jelic &#8226; Advokatfirman Emely Jelic","og_description":"Advokatfirman Emely Jelic har \u00e5tagit sig att skydda v\u00e5ra kunders och webbplatsbes\u00f6kares integritet och konfidentialitet. Denna sekretesspolicy beskriver hur vi samlar in, anv\u00e4nder, avsl\u00f6jar och skyddar dina personuppgifter i enlighet med den allm\u00e4nna dataskyddsf\u00f6rordningen (GDPR). Insamling av personlig information: Vi kan samla in personlig information fr\u00e5n dig n\u00e4r du frivilligt l\u00e4mnar den till oss via [&hellip;]","og_url":"https:\/\/advokatemelyjelic.com\/sv\/integritetspolicy\/","og_site_name":"Advokatfirman Emely Jelic","article_publisher":"https:\/\/www.facebook.com\/AdvokatEmelyJelic","article_modified_time":"2023-05-17T22:51:59+00:00","og_image":[{"width":820,"height":398,"url":"https:\/\/advokatemelyjelic.com\/wp-content\/uploads\/2023\/04\/Perfil-fb.jpg","type":"image\/jpeg"}],"twitter_card":"summary_large_image","twitter_misc":{"Ber\u00e4knad l\u00e4stid":"3 minuter"},"schema":{"@context":"https:\/\/schema.org","@graph":[{"@type":"WebPage","@id":"https:\/\/advokatemelyjelic.com\/sv\/integritetspolicy\/","url":"https:\/\/advokatemelyjelic.com\/sv\/integritetspolicy\/","name":"Integritetspolicy f\u00f6r advokaten Emely Jelic &#8226; Advokatfirman Emely Jelic","isPartOf":{"@id":"https:\/\/advokatemelyjelic.com\/sv\/#website"},"datePublished":"2023-04-29T15:59:31+00:00","dateModified":"2023-05-17T22:51:59+00:00","breadcrumb":{"@id":"https:\/\/advokatemelyjelic.com\/sv\/integritetspolicy\/#breadcrumb"},"inLanguage":"sv-SE","potentialAction":[{"@type":"ReadAction","target":["https:\/\/advokatemelyjelic.com\/sv\/integritetspolicy\/"]}]},{"@type":"BreadcrumbList","@id":"https:\/\/advokatemelyjelic.com\/sv\/integritetspolicy\/#breadcrumb","itemListElement":[{"@type":"ListItem","position":1,"name":"Home","item":"https:\/\/advokatemelyjelic.com\/sv\/"},{"@type":"ListItem","position":2,"name":"Integritetspolicy f\u00f6r advokaten Emely Jelic"}]},{"@type":"WebSite","@id":"https:\/\/advokatemelyjelic.com\/sv\/#website","url":"https:\/\/advokatemelyjelic.com\/sv\/","name":"Advokatfirman Emely Jelic","description":"","publisher":{"@id":"https:\/\/advokatemelyjelic.com\/sv\/#organization"},"alternateName":"Advokat Emely Jelic","potentialAction":[{"@type":"SearchAction","target":{"@type":"EntryPoint","urlTemplate":"https:\/\/advokatemelyjelic.com\/sv\/?s={search_term_string}"},"query-input":{"@type":"PropertyValueSpecification","valueRequired":true,"valueName":"search_term_string"}}],"inLanguage":"sv-SE"},{"@type":"Organization","@id":"https:\/\/advokatemelyjelic.com\/sv\/#organization","name":"Advokatfirman Emely Jelic","alternateName":"Advokat Emely Jelic","url":"https:\/\/advokatemelyjelic.com\/sv\/","logo":{"@type":"ImageObject","inLanguage":"sv-SE","@id":"https:\/\/advokatemelyjelic.com\/sv\/#\/schema\/logo\/image\/","url":"https:\/\/advokatemelyjelic.com\/wp-content\/uploads\/2023\/04\/Logga-Advokatfirman-Emely-Jelic.png","contentUrl":"https:\/\/advokatemelyjelic.com\/wp-content\/uploads\/2023\/04\/Logga-Advokatfirman-Emely-Jelic.png","width":468,"height":87,"caption":"Advokatfirman Emely Jelic"},"image":{"@id":"https:\/\/advokatemelyjelic.com\/sv\/#\/schema\/logo\/image\/"},"sameAs":["https:\/\/www.facebook.com\/AdvokatEmelyJelic","https:\/\/www.instagram.com\/emely_jelic\/"]}]}},"_links":{"self":[{"href":"https:\/\/advokatemelyjelic.com\/sv\/wp-json\/wp\/v2\/pages\/997","targetHints":{"allow":["GET"]}}],"collection":[{"href":"https:\/\/advokatemelyjelic.com\/sv\/wp-json\/wp\/v2\/pages"}],"about":[{"href":"https:\/\/advokatemelyjelic.com\/sv\/wp-json\/wp\/v2\/types\/page"}],"author":[{"embeddable":true,"href":"https:\/\/advokatemelyjelic.com\/sv\/wp-json\/wp\/v2\/users\/1"}],"replies":[{"embeddable":true,"href":"https:\/\/advokatemelyjelic.com\/sv\/wp-json\/wp\/v2\/comments?post=997"}],"version-history":[{"count":3,"href":"https:\/\/advokatemelyjelic.com\/sv\/wp-json\/wp\/v2\/pages\/997\/revisions"}],"predecessor-version":[{"id":1000,"href":"https:\/\/advokatemelyjelic.com\/sv\/wp-json\/wp\/v2\/pages\/997\/revisions\/1000"}],"wp:attachment":[{"href":"https:\/\/advokatemelyjelic.com\/sv\/wp-json\/wp\/v2\/media?parent=997"}],"curies":[{"name":"wp","href":"https:\/\/api.w.org\/{rel}","templated":true}]}}